{"id":4193,"date":"2024-08-09T17:11:39","date_gmt":"2024-08-09T15:11:39","guid":{"rendered":"https:\/\/hotel-bergfreund.ch\/?page_id=4193"},"modified":"2024-10-07T17:45:42","modified_gmt":"2024-10-07T15:45:42","slug":"a-propos-de-nous","status":"publish","type":"page","link":"https:\/\/hotel-bergfreund.ch\/fr\/a-propos-de-nous\/","title":{"rendered":"\u00c0 propos de nous"},"content":{"rendered":"\n<style type=\"text\/css\" data-created_by=\"avia_inline_auto\" id=\"style-css-av-75siu-cf83318571f4d46a0406e19cc001d2a0\">\n.flex_column.av-75siu-cf83318571f4d46a0406e19cc001d2a0{\npadding:50px 50px 50px 50px;\nbackground-color:#fdf4da;\n}\n<\/style>\n<div  class='flex_column av-75siu-cf83318571f4d46a0406e19cc001d2a0 av_three_fourth  avia-builder-el-0  el_before_av_section  avia-builder-el-no-sibling  first flex_column_div  '     ><section  class='av_textblock_section av-lzmssg7c-9ce68d18905ab9f4986e73c318c8461c '   itemscope=\"itemscope\" itemtype=\"https:\/\/schema.org\/CreativeWork\" ><div class='avia_textblock'  itemprop=\"text\" ><h1>\u00c0 propos de nous<\/h1>\n<\/div><\/section><br \/>\n<section  class='av_textblock_section av-1rg41y-4ad4c60fdc51b8d26c3a442d504b9c79 '   itemscope=\"itemscope\" itemtype=\"https:\/\/schema.org\/CreativeWork\" ><div class='avia_textblock'  itemprop=\"text\" ><p>En 1946, la maison a \u00e9t\u00e9 fond\u00e9e par les grands-parents en tant que pension, puis transform\u00e9e en h\u00f4tel par Rudi et Rosi Almendinger en 1978. En 1999, Remo a repris l&rsquo;h\u00f4tel de ses parents et n&rsquo;a cess\u00e9 depuis de le r\u00e9nover et de le g\u00e9rer avec le soutien de sa femme Daniela.<\/p>\n<p>Aujourd&rsquo;hui, l&rsquo;h\u00f4tel-restaurant Bergfreund est un \u00e9tablissement de restauration polyvalent. Chaque ann\u00e9e, de nombreux amoureux de la montagne viennent y passer leurs vacances. Nous accueillons des groupes de touristes, nous servons de base aux alpinistes*, aux cyclistes* et aux randonneurs, et les clients priv\u00e9s ainsi que les voyageurs d&rsquo;affaires sont toujours les bienvenus chez nous.<\/p>\n<p>Mais chez nous, on ne fait pas que passer la nuit. La cuisine de Remo est appr\u00e9ci\u00e9e \u00e0 la fois par les travailleurs, les touristes et les habitants. Dans notre grande ou ancienne salle \u00e0 manger, vous pouvez c\u00e9l\u00e9brer des mariages, des anniversaires, des bapt\u00eames ou des \u00e9v\u00e9nements d&rsquo;entreprise. Bien entendu, vous pouvez aussi vous r\u00e9galer \u00e0 tout moment dans notre petite salle \u00e0 manger ou dans l&rsquo;agr\u00e9able bistrot du village.<\/p>\n<\/div><\/section><\/p><\/div><\/div><\/div><\/div><!-- close content main div --><\/div><\/div><div id='av_section_1'  class='avia-section av-clfqe-cab72729739fb6801ffc9c7a29e0e71b main_color avia-section-large avia-no-border-styling  avia-builder-el-3  el_after_av_three_fourth  el_before_av_layout_row  avia-bg-style-scroll container_wrap sidebar_right'  ><div class='container av-section-cont-open' ><div class='template-page content  av-content-small alpha units'><div class='post-entry post-entry-type-page post-entry-4193'><div class='entry-content-wrapper clearfix'>\n<div  class='flex_column av-3cnmsu-b2c5937cc7f03544e4d73a373580e739 av_one_half  avia-builder-el-4  el_before_av_one_half  avia-builder-el-first  first flex_column_div  '     ><p>\n<style type=\"text\/css\" data-created_by=\"avia_inline_auto\" id=\"style-css-av-7dldy-3fc8f9f78d95b98ac5abebd10ddc7f1b\">\n#top .av-special-heading.av-7dldy-3fc8f9f78d95b98ac5abebd10ddc7f1b{\npadding-bottom:10px;\n}\nbody .av-special-heading.av-7dldy-3fc8f9f78d95b98ac5abebd10ddc7f1b .av-special-heading-tag .heading-char{\nfont-size:25px;\n}\n.av-special-heading.av-7dldy-3fc8f9f78d95b98ac5abebd10ddc7f1b .av-subheading{\nfont-size:15px;\n}\n<\/style>\n<div  class='av-special-heading av-7dldy-3fc8f9f78d95b98ac5abebd10ddc7f1b av-special-heading-h2  avia-builder-el-5  el_before_av_textblock  avia-builder-el-first '><h2 class='av-special-heading-tag '  itemprop=\"headline\"  >h\u00f4te<\/h2><div class=\"special-heading-border\"><div class=\"special-heading-inner-border\"><\/div><\/div><\/div><br \/>\n<section  class='av_textblock_section av-31zi3i-7ce5937af6c51bed91cf89e027cb531c '   itemscope=\"itemscope\" itemtype=\"https:\/\/schema.org\/CreativeWork\" ><div class='avia_textblock'  itemprop=\"text\" ><p>L&rsquo;h\u00f4tel-restaurant Bergfreund est d\u00e9sormais g\u00e9r\u00e9 par la troisi\u00e8me g\u00e9n\u00e9ration de la famille Daniela et Remo Almendinger-Lorenz. Avec un grand amour du d\u00e9tail, nous avons constamment r\u00e9nov\u00e9 l&rsquo;h\u00f4tel au cours des derni\u00e8res ann\u00e9es afin d&rsquo;offrir \u00e0 nos clients un h\u00e9bergement confortable \u00e0 proximit\u00e9 de la montagne.<\/p>\n<p>Nous nous r\u00e9jouissons de votre visite !<\/p>\n<\/div><\/section><\/p><\/div>\n<style type=\"text\/css\" data-created_by=\"avia_inline_auto\" id=\"style-css-av-1lm1jy-3d6c9f33075e68dac6a2d1587a86398e\">\n.flex_column.av-1lm1jy-3d6c9f33075e68dac6a2d1587a86398e{\npadding:0 0 0 0;\n}\n<\/style>\n<div  class='flex_column av-1lm1jy-3d6c9f33075e68dac6a2d1587a86398e av_one_half  avia-builder-el-7  el_after_av_one_half  avia-builder-el-last  flex_column_div av-zero-column-padding  '     ><style type=\"text\/css\" data-created_by=\"avia_inline_auto\" id=\"style-css-av-1hkmzi-9d9e334457c979147f6e99630459b764\">\n.avia-image-container.av-1hkmzi-9d9e334457c979147f6e99630459b764 img.avia_image{\nbox-shadow:none;\n}\n.avia-image-container.av-1hkmzi-9d9e334457c979147f6e99630459b764 .av-image-caption-overlay-center{\ncolor:#ffffff;\n}\n<\/style>\n<div  class='avia-image-container av-1hkmzi-9d9e334457c979147f6e99630459b764 av-styling- avia-align-center  avia-builder-el-8  avia-builder-el-no-sibling '   itemprop=\"image\" itemscope=\"itemscope\" itemtype=\"https:\/\/schema.org\/ImageObject\" ><div class=\"avia-image-container-inner\"><div class=\"avia-image-overlay-wrap\"><img decoding=\"async\" fetchpriority=\"high\" class='wp-image-3355 avia-img-lazy-loading-not-3355 avia_image ' src=\"https:\/\/hotel-bergfreund.ch\/wp-content\/uploads\/\/gastgeber-hotel-bergfreund.jpg\" alt='Remo et Daniela Almendinger-Lorenz' title='Remo et Daniela Almendinger-Lorenz'  height=\"467\" width=\"700\"  itemprop=\"thumbnailUrl\" srcset=\"https:\/\/hotel-bergfreund.ch\/wp-content\/uploads\/gastgeber-hotel-bergfreund.jpg 700w, https:\/\/hotel-bergfreund.ch\/wp-content\/uploads\/gastgeber-hotel-bergfreund-300x200.jpg 300w\" sizes=\"(max-width: 700px) 100vw, 700px\" \/><\/div><\/div><\/div><\/div>\n<\/p>\n<\/div><\/div><\/div><!-- close content main div --><\/div><\/div><div id='av-layout-grid-1'  class='av-layout-grid-container av-duw8xu-95c90d2c3f49c343baa2f9b31ea0bf85 entry-content-wrapper main_color av-flex-cells  avia-builder-el-9  el_after_av_section  avia-builder-el-last  grid-acc-slider grid-row-not-first  container_wrap sidebar_right'  >\n\n<style type=\"text\/css\" data-created_by=\"avia_inline_auto\" id=\"style-css-av-18xvbm-d398799b702f65b24ca57a6f95f07e8b\">\n.flex_cell.av-18xvbm-d398799b702f65b24ca57a6f95f07e8b{\nvertical-align:middle;\nbackground-color:#fdf4da;\n}\n.responsive #top #wrap_all .flex_cell.av-18xvbm-d398799b702f65b24ca57a6f95f07e8b{\npadding:40px 40px 40px 40px !important;\n}\n<\/style>\n<div class='flex_cell av-18xvbm-d398799b702f65b24ca57a6f95f07e8b av-gridrow-cell av_one_full no_margin  avia-builder-el-10  avia-builder-el-no-sibling  content-align-middle'  ><div class='flex_cell_inner'>\n<style type=\"text\/css\" data-created_by=\"avia_inline_auto\" id=\"style-css-av-akahiq-6645b25317af569907a66af2180dd680\">\n.avia-accordion.av-akahiq-6645b25317af569907a66af2180dd680{\nmax-height:375px;\n}\n.avia-accordion.av-akahiq-6645b25317af569907a66af2180dd680 .aviaccordion-preview{\nwidth:20.1%;\n}\n.avia-accordion .aviaccordion-slide.av-akahiq-6645b25317af569907a66af2180dd680__0{\nleft:0%;\n}\n.avia-accordion .aviaccordion-slide.av-akahiq-6645b25317af569907a66af2180dd680__1{\nleft:20%;\n}\n.avia-accordion .aviaccordion-slide.av-akahiq-6645b25317af569907a66af2180dd680__2{\nleft:40%;\n}\n.avia-accordion .aviaccordion-slide.av-akahiq-6645b25317af569907a66af2180dd680__3{\nleft:60%;\n}\n.avia-accordion .aviaccordion-slide.av-akahiq-6645b25317af569907a66af2180dd680__4{\nleft:80%;\n}\n<\/style>\n<div  id=\"accordion_slider_1\"  class='aviaccordion avia-accordion av-akahiq-6645b25317af569907a66af2180dd680 aviaccordion-title-inactive av-slideshow-autoplay av-loop-endless ' data-slideshow-options=\"{&quot;interval&quot;:5,&quot;autoplay&quot;:true,&quot;loop_autoplay&quot;:&quot;endless&quot;}\"  itemscope=\"itemscope\" itemtype=\"https:\/\/schema.org\/Blog\" ><ul class=\"aviaccordion-inner\"><li class='aviaccordion-slide av-akahiq-6645b25317af569907a66af2180dd680__0 aviaccordion-slide-1' data-av-left='0'  itemscope=\"itemscope\" itemtype=\"https:\/\/schema.org\/CreativeWork\" ><a class='aviaccordion-slide-link noHover' href=\"https:\/\/hotel-bergfreund.ch\/wp-content\/uploads\/\/remo-hotel-bergfreund.jpg\" data-srcset=\"https:\/\/hotel-bergfreund.ch\/wp-content\/uploads\/remo-hotel-bergfreund.jpg 600w, https:\/\/hotel-bergfreund.ch\/wp-content\/uploads\/remo-hotel-bergfreund-300x225.jpg 300w\" data-sizes=\"(max-width: 600px) 100vw, 600px\"  title=\"Remo Almendinger, Gastgeber, Hotel Restaurant Bergfreund\" alt=\"Remo Almendinger, Gastgeber, Hotel Restaurant Bergfreund\" ><div class='aviaccordion-preview '><\/div><img decoding=\"async\" width=\"600\" height=\"375\" src=\"https:\/\/hotel-bergfreund.ch\/wp-content\/uploads\/\/remo-hotel-bergfreund-600x375.jpg\" class=\"aviaccordion-image\" alt=\"Remo Almendinger, Gastgeber, Hotel Restaurant Bergfreund\" \/><\/a><\/li><li class='aviaccordion-slide av-akahiq-6645b25317af569907a66af2180dd680__1 aviaccordion-slide-2' data-av-left='20'  itemscope=\"itemscope\" itemtype=\"https:\/\/schema.org\/CreativeWork\" ><a class='aviaccordion-slide-link noHover' href=\"https:\/\/hotel-bergfreund.ch\/wp-content\/uploads\/\/bergfreund-terrasse.jpg\" data-srcset=\"https:\/\/hotel-bergfreund.ch\/wp-content\/uploads\/bergfreund-terrasse.jpg 600w, https:\/\/hotel-bergfreund.ch\/wp-content\/uploads\/bergfreund-terrasse-300x225.jpg 300w\" data-sizes=\"(max-width: 600px) 100vw, 600px\"  title=\"Terrasse, Hotel Restaurant Bergfreund\" alt=\"Terrasse, Hotel Restaurant Bergfreund\" ><div class='aviaccordion-preview '><\/div><img decoding=\"async\" width=\"600\" height=\"375\" src=\"https:\/\/hotel-bergfreund.ch\/wp-content\/uploads\/\/bergfreund-terrasse-600x375.jpg\" class=\"aviaccordion-image\" alt=\"Terrasse, Hotel Restaurant Bergfreund\" \/><\/a><\/li><li class='aviaccordion-slide av-akahiq-6645b25317af569907a66af2180dd680__2 aviaccordion-slide-3' data-av-left='40'  itemscope=\"itemscope\" itemtype=\"https:\/\/schema.org\/CreativeWork\" ><a class='aviaccordion-slide-link noHover' href=\"https:\/\/hotel-bergfreund.ch\/wp-content\/uploads\/\/remo-bergfreund.jpg\" data-srcset=\"https:\/\/hotel-bergfreund.ch\/wp-content\/uploads\/remo-bergfreund.jpg 600w, https:\/\/hotel-bergfreund.ch\/wp-content\/uploads\/remo-bergfreund-300x225.jpg 300w\" data-sizes=\"(max-width: 600px) 100vw, 600px\"  title=\"Remo Almendinger, Gastgeber, Hotel Restaurant Bergfreund\" alt=\"Remo Almendinger, Gastgeber, Hotel Restaurant Bergfreund\" ><div class='aviaccordion-preview '><\/div><img decoding=\"async\" width=\"600\" height=\"375\" src=\"https:\/\/hotel-bergfreund.ch\/wp-content\/uploads\/\/remo-bergfreund-600x375.jpg\" class=\"aviaccordion-image\" alt=\"Remo Almendinger, Gastgeber, Hotel Restaurant Bergfreund\" \/><\/a><\/li><li class='aviaccordion-slide av-akahiq-6645b25317af569907a66af2180dd680__3 aviaccordion-slide-4' data-av-left='60'  itemscope=\"itemscope\" itemtype=\"https:\/\/schema.org\/CreativeWork\" ><a class='aviaccordion-slide-link noHover' href=\"https:\/\/hotel-bergfreund.ch\/wp-content\/uploads\/\/bergfreund-apero.jpg\" data-srcset=\"https:\/\/hotel-bergfreund.ch\/wp-content\/uploads\/bergfreund-apero.jpg 600w, https:\/\/hotel-bergfreund.ch\/wp-content\/uploads\/bergfreund-apero-300x225.jpg 300w\" data-sizes=\"(max-width: 600px) 100vw, 600px\"  title=\"Ap\u00e9ro im Restaurant Bergfreund, Herbrigge\" alt=\"Ap\u00e9ro im Restaurant Bergfreund, Herbriggen\" ><div class='aviaccordion-preview '><\/div><img decoding=\"async\" width=\"600\" height=\"375\" src=\"https:\/\/hotel-bergfreund.ch\/wp-content\/uploads\/\/bergfreund-apero-600x375.jpg\" class=\"aviaccordion-image\" alt=\"Ap\u00e9ro im Restaurant Bergfreund, Herbriggen\" \/><\/a><\/li><li class='aviaccordion-slide av-akahiq-6645b25317af569907a66af2180dd680__4 aviaccordion-slide-5' data-av-left='80'  itemscope=\"itemscope\" itemtype=\"https:\/\/schema.org\/CreativeWork\" ><a class='aviaccordion-slide-link noHover' href=\"https:\/\/hotel-bergfreund.ch\/wp-content\/uploads\/\/tischdeko-bergfreund.jpg\" data-srcset=\"https:\/\/hotel-bergfreund.ch\/wp-content\/uploads\/tischdeko-bergfreund.jpg 600w, https:\/\/hotel-bergfreund.ch\/wp-content\/uploads\/tischdeko-bergfreund-300x225.jpg 300w\" data-sizes=\"(max-width: 600px) 100vw, 600px\"  title=\"Restaurant Hotel Bergfreund, Herbriggen\" alt=\"Restaurant Hotel Bergfreund, Herbriggen\" ><div class='aviaccordion-preview '><\/div><img decoding=\"async\" width=\"600\" height=\"375\" src=\"https:\/\/hotel-bergfreund.ch\/wp-content\/uploads\/\/tischdeko-bergfreund-600x375.jpg\" class=\"aviaccordion-image\" alt=\"Restaurant Hotel Bergfreund, Herbriggen\" \/><\/a><\/li><\/ul><div class='aviaccordion-spacer' style='padding-bottom:52.816901408451%'><\/div><\/div>\n<\/div><\/div>\n<\/div>\n","protected":false},"excerpt":{"rendered":"","protected":false},"author":4,"featured_media":0,"parent":0,"menu_order":1,"comment_status":"closed","ping_status":"closed","template":"","meta":{"footnotes":""},"class_list":["post-4193","page","type-page","status-publish","hentry"],"yoast_head":"<!-- This site is optimized with the Yoast SEO plugin v27.4 - https:\/\/yoast.com\/product\/yoast-seo-wordpress\/ -->\n<title>\u00c0 propos de nous - Bergfreund<\/title>\n<meta name=\"description\" content=\"L&#039;h\u00f4tel-restaurant Bergfreund est dirig\u00e9 par la troisi\u00e8me g\u00e9n\u00e9ration de la famille Daniela et Remo Almendinger-Lorenz. En savoir plus.\" \/>\n<meta name=\"robots\" content=\"index, follow, max-snippet:-1, max-image-preview:large, max-video-preview:-1\" \/>\n<link rel=\"canonical\" href=\"https:\/\/hotel-bergfreund.ch\/fr\/a-propos-de-nous\/\" \/>\n<meta property=\"og:locale\" content=\"fr_FR\" \/>\n<meta property=\"og:type\" content=\"article\" \/>\n<meta property=\"og:title\" content=\"\u00c0 propos de nous - Bergfreund\" \/>\n<meta property=\"og:description\" content=\"L&#039;h\u00f4tel-restaurant Bergfreund est dirig\u00e9 par la troisi\u00e8me g\u00e9n\u00e9ration de la famille Daniela et Remo Almendinger-Lorenz. En savoir plus.\" \/>\n<meta property=\"og:url\" content=\"https:\/\/hotel-bergfreund.ch\/fr\/a-propos-de-nous\/\" \/>\n<meta property=\"og:site_name\" content=\"Bergfreund\" \/>\n<meta property=\"article:modified_time\" content=\"2024-10-07T15:45:42+00:00\" \/>\n<meta name=\"twitter:card\" content=\"summary_large_image\" \/>\n<meta name=\"twitter:label1\" content=\"Dur\u00e9e de lecture estim\u00e9e\" \/>\n\t<meta name=\"twitter:data1\" content=\"3 minutes\" \/>\n<script type=\"application\/ld+json\" class=\"yoast-schema-graph\">{\"@context\":\"https:\\\/\\\/schema.org\",\"@graph\":[{\"@type\":\"WebPage\",\"@id\":\"https:\\\/\\\/hotel-bergfreund.ch\\\/fr\\\/a-propos-de-nous\\\/\",\"url\":\"https:\\\/\\\/hotel-bergfreund.ch\\\/fr\\\/a-propos-de-nous\\\/\",\"name\":\"\u00c0 propos de nous - Bergfreund\",\"isPartOf\":{\"@id\":\"https:\\\/\\\/hotel-bergfreund.ch\\\/fr\\\/#website\"},\"datePublished\":\"2024-08-09T15:11:39+00:00\",\"dateModified\":\"2024-10-07T15:45:42+00:00\",\"description\":\"L'h\u00f4tel-restaurant Bergfreund est dirig\u00e9 par la troisi\u00e8me g\u00e9n\u00e9ration de la famille Daniela et Remo Almendinger-Lorenz. En savoir plus.\",\"breadcrumb\":{\"@id\":\"https:\\\/\\\/hotel-bergfreund.ch\\\/fr\\\/a-propos-de-nous\\\/#breadcrumb\"},\"inLanguage\":\"fr-FR\",\"potentialAction\":[{\"@type\":\"ReadAction\",\"target\":[\"https:\\\/\\\/hotel-bergfreund.ch\\\/fr\\\/a-propos-de-nous\\\/\"]}]},{\"@type\":\"BreadcrumbList\",\"@id\":\"https:\\\/\\\/hotel-bergfreund.ch\\\/fr\\\/a-propos-de-nous\\\/#breadcrumb\",\"itemListElement\":[{\"@type\":\"ListItem\",\"position\":1,\"name\":\"Startseite\",\"item\":\"https:\\\/\\\/hotel-bergfreund.ch\\\/fr\\\/hotel-bergfreund-herbriggen\\\/\"},{\"@type\":\"ListItem\",\"position\":2,\"name\":\"\u00c0 propos de nous\"}]},{\"@type\":\"WebSite\",\"@id\":\"https:\\\/\\\/hotel-bergfreund.ch\\\/fr\\\/#website\",\"url\":\"https:\\\/\\\/hotel-bergfreund.ch\\\/fr\\\/\",\"name\":\"Hotel Restaurant Mattmarkblick in Saas-Almagell Saastal\",\"description\":\"Einmalig freundlich und famili\u00e4r\",\"publisher\":{\"@id\":\"https:\\\/\\\/hotel-bergfreund.ch\\\/fr\\\/#organization\"},\"potentialAction\":[{\"@type\":\"SearchAction\",\"target\":{\"@type\":\"EntryPoint\",\"urlTemplate\":\"https:\\\/\\\/hotel-bergfreund.ch\\\/fr\\\/?s={search_term_string}\"},\"query-input\":{\"@type\":\"PropertyValueSpecification\",\"valueRequired\":true,\"valueName\":\"search_term_string\"}}],\"inLanguage\":\"fr-FR\"},{\"@type\":\"Organization\",\"@id\":\"https:\\\/\\\/hotel-bergfreund.ch\\\/fr\\\/#organization\",\"name\":\"Hotel Bergfreund\",\"url\":\"https:\\\/\\\/hotel-bergfreund.ch\\\/fr\\\/\",\"logo\":{\"@type\":\"ImageObject\",\"inLanguage\":\"fr-FR\",\"@id\":\"https:\\\/\\\/hotel-bergfreund.ch\\\/fr\\\/#\\\/schema\\\/logo\\\/image\\\/\",\"url\":\"https:\\\/\\\/hotel-bergfreund.ch\\\/wp-content\\\/uploads\\\/schlosshotel-leuk.svg\",\"contentUrl\":\"https:\\\/\\\/hotel-bergfreund.ch\\\/wp-content\\\/uploads\\\/schlosshotel-leuk.svg\",\"width\":210,\"height\":52,\"caption\":\"Hotel Bergfreund\"},\"image\":{\"@id\":\"https:\\\/\\\/hotel-bergfreund.ch\\\/fr\\\/#\\\/schema\\\/logo\\\/image\\\/\"}}]}<\/script>\n<!-- \/ Yoast SEO plugin. -->","yoast_head_json":{"title":"\u00c0 propos de nous - Bergfreund","description":"L'h\u00f4tel-restaurant Bergfreund est dirig\u00e9 par la troisi\u00e8me g\u00e9n\u00e9ration de la famille Daniela et Remo Almendinger-Lorenz. En savoir plus.","robots":{"index":"index","follow":"follow","max-snippet":"max-snippet:-1","max-image-preview":"max-image-preview:large","max-video-preview":"max-video-preview:-1"},"canonical":"https:\/\/hotel-bergfreund.ch\/fr\/a-propos-de-nous\/","og_locale":"fr_FR","og_type":"article","og_title":"\u00c0 propos de nous - Bergfreund","og_description":"L'h\u00f4tel-restaurant Bergfreund est dirig\u00e9 par la troisi\u00e8me g\u00e9n\u00e9ration de la famille Daniela et Remo Almendinger-Lorenz. En savoir plus.","og_url":"https:\/\/hotel-bergfreund.ch\/fr\/a-propos-de-nous\/","og_site_name":"Bergfreund","article_modified_time":"2024-10-07T15:45:42+00:00","twitter_card":"summary_large_image","twitter_misc":{"Dur\u00e9e de lecture estim\u00e9e":"3 minutes"},"schema":{"@context":"https:\/\/schema.org","@graph":[{"@type":"WebPage","@id":"https:\/\/hotel-bergfreund.ch\/fr\/a-propos-de-nous\/","url":"https:\/\/hotel-bergfreund.ch\/fr\/a-propos-de-nous\/","name":"\u00c0 propos de nous - Bergfreund","isPartOf":{"@id":"https:\/\/hotel-bergfreund.ch\/fr\/#website"},"datePublished":"2024-08-09T15:11:39+00:00","dateModified":"2024-10-07T15:45:42+00:00","description":"L'h\u00f4tel-restaurant Bergfreund est dirig\u00e9 par la troisi\u00e8me g\u00e9n\u00e9ration de la famille Daniela et Remo Almendinger-Lorenz. En savoir plus.","breadcrumb":{"@id":"https:\/\/hotel-bergfreund.ch\/fr\/a-propos-de-nous\/#breadcrumb"},"inLanguage":"fr-FR","potentialAction":[{"@type":"ReadAction","target":["https:\/\/hotel-bergfreund.ch\/fr\/a-propos-de-nous\/"]}]},{"@type":"BreadcrumbList","@id":"https:\/\/hotel-bergfreund.ch\/fr\/a-propos-de-nous\/#breadcrumb","itemListElement":[{"@type":"ListItem","position":1,"name":"Startseite","item":"https:\/\/hotel-bergfreund.ch\/fr\/hotel-bergfreund-herbriggen\/"},{"@type":"ListItem","position":2,"name":"\u00c0 propos de nous"}]},{"@type":"WebSite","@id":"https:\/\/hotel-bergfreund.ch\/fr\/#website","url":"https:\/\/hotel-bergfreund.ch\/fr\/","name":"Hotel Restaurant Mattmarkblick in Saas-Almagell Saastal","description":"Einmalig freundlich und famili\u00e4r","publisher":{"@id":"https:\/\/hotel-bergfreund.ch\/fr\/#organization"},"potentialAction":[{"@type":"SearchAction","target":{"@type":"EntryPoint","urlTemplate":"https:\/\/hotel-bergfreund.ch\/fr\/?s={search_term_string}"},"query-input":{"@type":"PropertyValueSpecification","valueRequired":true,"valueName":"search_term_string"}}],"inLanguage":"fr-FR"},{"@type":"Organization","@id":"https:\/\/hotel-bergfreund.ch\/fr\/#organization","name":"Hotel Bergfreund","url":"https:\/\/hotel-bergfreund.ch\/fr\/","logo":{"@type":"ImageObject","inLanguage":"fr-FR","@id":"https:\/\/hotel-bergfreund.ch\/fr\/#\/schema\/logo\/image\/","url":"https:\/\/hotel-bergfreund.ch\/wp-content\/uploads\/schlosshotel-leuk.svg","contentUrl":"https:\/\/hotel-bergfreund.ch\/wp-content\/uploads\/schlosshotel-leuk.svg","width":210,"height":52,"caption":"Hotel Bergfreund"},"image":{"@id":"https:\/\/hotel-bergfreund.ch\/fr\/#\/schema\/logo\/image\/"}}]}},"publishpress_future_action":{"enabled":false,"date":"2026-04-27 06:46:18","action":"change-status","newStatus":"draft","terms":[],"taxonomy":"translation_priority","extraData":[]},"publishpress_future_workflow_manual_trigger":{"enabledWorkflows":[]},"_links":{"self":[{"href":"https:\/\/hotel-bergfreund.ch\/fr\/wp-json\/wp\/v2\/pages\/4193","targetHints":{"allow":["GET"]}}],"collection":[{"href":"https:\/\/hotel-bergfreund.ch\/fr\/wp-json\/wp\/v2\/pages"}],"about":[{"href":"https:\/\/hotel-bergfreund.ch\/fr\/wp-json\/wp\/v2\/types\/page"}],"author":[{"embeddable":true,"href":"https:\/\/hotel-bergfreund.ch\/fr\/wp-json\/wp\/v2\/users\/4"}],"replies":[{"embeddable":true,"href":"https:\/\/hotel-bergfreund.ch\/fr\/wp-json\/wp\/v2\/comments?post=4193"}],"version-history":[{"count":5,"href":"https:\/\/hotel-bergfreund.ch\/fr\/wp-json\/wp\/v2\/pages\/4193\/revisions"}],"predecessor-version":[{"id":4419,"href":"https:\/\/hotel-bergfreund.ch\/fr\/wp-json\/wp\/v2\/pages\/4193\/revisions\/4419"}],"wp:attachment":[{"href":"https:\/\/hotel-bergfreund.ch\/fr\/wp-json\/wp\/v2\/media?parent=4193"}],"curies":[{"name":"wp","href":"https:\/\/api.w.org\/{rel}","templated":true}]}}