{"id":4208,"date":"2024-01-19T15:15:51","date_gmt":"2024-01-19T14:15:51","guid":{"rendered":"https:\/\/hotel-bergfreund.ch\/?page_id=4208"},"modified":"2024-09-21T11:09:11","modified_gmt":"2024-09-21T09:09:11","slug":"groupes","status":"publish","type":"page","link":"https:\/\/hotel-bergfreund.ch\/fr\/groupes\/","title":{"rendered":"Groupes"},"content":{"rendered":"\n<style type=\"text\/css\" data-created_by=\"avia_inline_auto\" id=\"style-css-av-4jrz2z-0f402248a1931f4fb740105d0a8faf53\">\n.flex_column.av-4jrz2z-0f402248a1931f4fb740105d0a8faf53{\npadding:50px 50px 50px 50px;\nbackground-color:#fdf4da;\n}\n<\/style>\n<div  class='flex_column av-4jrz2z-0f402248a1931f4fb740105d0a8faf53 av_three_fourth  avia-builder-el-0  el_before_av_section  avia-builder-el-no-sibling  first flex_column_div  '     ><section  class='av_textblock_section av-lzs7s3xg-8788011fcd82275ba8fde7dffad930ab '   itemscope=\"itemscope\" itemtype=\"https:\/\/schema.org\/CreativeWork\" ><div class='avia_textblock'  itemprop=\"text\" ><h1>Chambres pour groupes<\/h1>\n<\/div><\/section><br \/>\n<section  class='av_textblock_section av-3622cr-4e55317e2faac3791e4492e2278d53b2 '   itemscope=\"itemscope\" itemtype=\"https:\/\/schema.org\/CreativeWork\" ><div class='avia_textblock'  itemprop=\"text\" ><p>Dans notre h\u00f4tel, nous proposons des dortoirs qui sont particuli\u00e8rement appr\u00e9ci\u00e9s des alpinistes. Ces chambres peuvent accueillir 5 personnes ou plus et sont \u00e9quip\u00e9es d&rsquo;oreillers et de couvertures en laine. Chaque unit\u00e9 dispose d&rsquo;une douche s\u00e9par\u00e9e ainsi que de toilettes.<\/p>\n<p>N&rsquo;h\u00e9sitez pas \u00e0 nous contacter pour que nous puissions vous faire une offre sur mesure.<\/p>\n<\/div><\/section><\/p><\/div>\n<\/div><\/div><\/div><!-- close content main div --><\/div><\/div><div id='av_section_1'  class='avia-section av-94p1nf-f413bde8c84410f6a3ed0fd5c70fadee main_color avia-section-large avia-no-border-styling  avia-builder-el-3  el_after_av_three_fourth  avia-builder-el-last  avia-bg-style-scroll container_wrap sidebar_right'  ><div class='container av-section-cont-open' ><div class='template-page content  av-content-small alpha units'><div class='post-entry post-entry-type-page post-entry-4208'><div class='entry-content-wrapper clearfix'>\n<div  class='flex_column av-72hsiz-f2296b2cd7c81aacf66499d0384d5669 av_one_half  avia-builder-el-4  el_before_av_one_half  avia-builder-el-first  first flex_column_div  '     ><p>\n<style type=\"text\/css\" data-created_by=\"avia_inline_auto\" id=\"style-css-av-608wmj-53a7e60e81aed5c278e7ee0962c5f195\">\n#top .av-special-heading.av-608wmj-53a7e60e81aed5c278e7ee0962c5f195{\npadding-bottom:10px;\n}\nbody .av-special-heading.av-608wmj-53a7e60e81aed5c278e7ee0962c5f195 .av-special-heading-tag .heading-char{\nfont-size:25px;\n}\n.av-special-heading.av-608wmj-53a7e60e81aed5c278e7ee0962c5f195 .av-subheading{\nfont-size:15px;\n}\n<\/style>\n<div  class='av-special-heading av-608wmj-53a7e60e81aed5c278e7ee0962c5f195 av-special-heading-h2  avia-builder-el-5  el_before_av_textblock  avia-builder-el-first '><h2 class='av-special-heading-tag '  itemprop=\"headline\"  >d\u00e9p\u00f4t<\/h2><div class=\"special-heading-border\"><div class=\"special-heading-inner-border\"><\/div><\/div><\/div><br \/>\n<section  class='av_textblock_section av-lzs80df2-14b8745199e43d29b6e4cfc2f355879a '   itemscope=\"itemscope\" itemtype=\"https:\/\/schema.org\/CreativeWork\" ><div class='avia_textblock'  itemprop=\"text\" ><p>Nous disposons de chambres de d\u00e9p\u00f4t pour 5 \u00e0 6 personnes, qui sont occup\u00e9es par des h\u00f4tes individuels. Chaque chambre de camp comprend une douche et un WC. Des oreillers et des couvertures sont disponibles et sont chang\u00e9s chaque jour. (Pas de sac de couchage en soie n\u00e9cessaire)<\/p>\n<\/div><\/section><br \/>\n\n<style type=\"text\/css\" data-created_by=\"avia_inline_auto\" id=\"style-css-av-m1bvfwot-e0ee5e2b722edbf849de5a178681d3b5\">\n.avia-buttonrow-wrap.av-m1bvfwot-e0ee5e2b722edbf849de5a178681d3b5 .avia-button{\nfont-size:16px;\n}\n<\/style>\n<div  class='avia-buttonrow-wrap av-m1bvfwot-e0ee5e2b722edbf849de5a178681d3b5 avia-buttonrow-left  avia-builder-el-7  el_after_av_textblock  avia-builder-el-last '>\n\n<style type=\"text\/css\" data-created_by=\"avia_inline_auto\" id=\"style-css-av-m1bvfvu7-76d9f31e1e182dfe900c6d74c8f8a759\">\n#top #wrap_all .avia-button.av-m1bvfvu7-76d9f31e1e182dfe900c6d74c8f8a759{\nbackground-color:#ffcf40;\nborder-color:#ffcf40;\ncolor:#565656;\nborder-radius:20px 20px 20px 20px;\ntransition:all 0.4s ease-in-out;\nmargin-bottom:5px;\nmargin-right:5px;\n}\n#top #wrap_all .avia-button.av-m1bvfvu7-76d9f31e1e182dfe900c6d74c8f8a759:hover .avia_button_background{\nborder-radius:20px 20px 20px 20px;\n}\n#top #wrap_all .avia-button.av-m1bvfvu7-76d9f31e1e182dfe900c6d74c8f8a759 .avia-svg-icon svg:first-child{\nfill:#565656;\nstroke:#565656;\n}\n<\/style>\n<a href='https:\/\/hotel-bergfreund.ch\/fr\/verifier-la-disponibilite\/'  class='avia-button av-m1bvfvu7-76d9f31e1e182dfe900c6d74c8f8a759 avia-icon_select-no avia-size-large'   aria-label=\"V\u00e9rifier la disponibilit\u00e9\"><span class='avia_iconbox_title' >V\u00e9rifier la disponibilit\u00e9<\/span><\/a>\n<\/div><\/p><\/div>\n<style type=\"text\/css\" data-created_by=\"avia_inline_auto\" id=\"style-css-av-4g0ijf-e0abbdf39828fe1cb9bf967a6bbc3310\">\n.flex_column.av-4g0ijf-e0abbdf39828fe1cb9bf967a6bbc3310{\npadding:0 0 0 0;\n}\n<\/style>\n<div  class='flex_column av-4g0ijf-e0abbdf39828fe1cb9bf967a6bbc3310 av_one_half  avia-builder-el-8  el_after_av_one_half  avia-builder-el-last  flex_column_div av-zero-column-padding  '     ><style type=\"text\/css\" data-created_by=\"avia_inline_auto\" id=\"style-css-av-93zjv-197a8c07b07cd1cbe7b5c75ceb2ca6f2\">\n.avia-image-container.av-93zjv-197a8c07b07cd1cbe7b5c75ceb2ca6f2 img.avia_image{\nbox-shadow:none;\n}\n.avia-image-container.av-93zjv-197a8c07b07cd1cbe7b5c75ceb2ca6f2 .av-image-caption-overlay-center{\ncolor:#ffffff;\n}\n<\/style>\n<div  class='avia-image-container av-93zjv-197a8c07b07cd1cbe7b5c75ceb2ca6f2 av-styling- avia-align-center  avia-builder-el-9  avia-builder-el-no-sibling '   itemprop=\"image\" itemscope=\"itemscope\" itemtype=\"https:\/\/schema.org\/ImageObject\" ><div class=\"avia-image-container-inner\"><div class=\"avia-image-overlay-wrap\"><img decoding=\"async\" fetchpriority=\"high\" class='wp-image-3329 avia-img-lazy-loading-not-3329 avia_image ' src=\"https:\/\/hotel-bergfreund.ch\/wp-content\/uploads\/\/gruppenzimmer-hotel-bergfreund.jpg\" alt='Chambres pour groupes, H\u00f4tel Bergfreund' title='Chambres pour groupes, H\u00f4tel Bergfreund'  height=\"467\" width=\"700\"  itemprop=\"thumbnailUrl\" srcset=\"https:\/\/hotel-bergfreund.ch\/wp-content\/uploads\/gruppenzimmer-hotel-bergfreund.jpg 700w, https:\/\/hotel-bergfreund.ch\/wp-content\/uploads\/gruppenzimmer-hotel-bergfreund-300x200.jpg 300w\" sizes=\"(max-width: 700px) 100vw, 700px\" \/><\/div><\/div><\/div><\/div><\/div><\/div><\/div><!-- close content main div --><\/div><\/div><div id='after_section_1'  class='main_color av_default_container_wrap container_wrap sidebar_right'  ><div class='container av-section-cont-open' ><div class='template-page content  av-content-small alpha units'><div class='post-entry post-entry-type-page post-entry-4208'><div class='entry-content-wrapper clearfix'>\n","protected":false},"excerpt":{"rendered":"","protected":false},"author":4,"featured_media":0,"parent":0,"menu_order":4,"comment_status":"closed","ping_status":"closed","template":"","meta":{"footnotes":""},"class_list":["post-4208","page","type-page","status-publish","hentry"],"yoast_head":"<!-- This site is optimized with the Yoast SEO plugin v27.4 - https:\/\/yoast.com\/product\/yoast-seo-wordpress\/ -->\n<title>Groupes - Bergfreund<\/title>\n<meta name=\"description\" content=\"Des dortoirs populaires pour 5+ personnes, id\u00e9aux pour les alpinistes, avec douche et WC. Contactez-nous pour une offre personnalis\u00e9e.\" \/>\n<meta name=\"robots\" content=\"index, follow, max-snippet:-1, max-image-preview:large, max-video-preview:-1\" \/>\n<link rel=\"canonical\" href=\"https:\/\/hotel-bergfreund.ch\/fr\/groupes\/\" \/>\n<meta property=\"og:locale\" content=\"fr_FR\" \/>\n<meta property=\"og:type\" content=\"article\" \/>\n<meta property=\"og:title\" content=\"Groupes - Bergfreund\" \/>\n<meta property=\"og:description\" content=\"Des dortoirs populaires pour 5+ personnes, id\u00e9aux pour les alpinistes, avec douche et WC. Contactez-nous pour une offre personnalis\u00e9e.\" \/>\n<meta property=\"og:url\" content=\"https:\/\/hotel-bergfreund.ch\/fr\/groupes\/\" \/>\n<meta property=\"og:site_name\" content=\"Bergfreund\" \/>\n<meta property=\"article:modified_time\" content=\"2024-09-21T09:09:11+00:00\" \/>\n<meta name=\"twitter:card\" content=\"summary_large_image\" \/>\n<meta name=\"twitter:label1\" content=\"Dur\u00e9e de lecture estim\u00e9e\" \/>\n\t<meta name=\"twitter:data1\" content=\"1 minute\" \/>\n<script type=\"application\/ld+json\" class=\"yoast-schema-graph\">{\"@context\":\"https:\\\/\\\/schema.org\",\"@graph\":[{\"@type\":\"WebPage\",\"@id\":\"https:\\\/\\\/hotel-bergfreund.ch\\\/fr\\\/groupes\\\/\",\"url\":\"https:\\\/\\\/hotel-bergfreund.ch\\\/fr\\\/groupes\\\/\",\"name\":\"Groupes - Bergfreund\",\"isPartOf\":{\"@id\":\"https:\\\/\\\/hotel-bergfreund.ch\\\/fr\\\/#website\"},\"datePublished\":\"2024-01-19T14:15:51+00:00\",\"dateModified\":\"2024-09-21T09:09:11+00:00\",\"description\":\"Des dortoirs populaires pour 5+ personnes, id\u00e9aux pour les alpinistes, avec douche et WC. Contactez-nous pour une offre personnalis\u00e9e.\",\"breadcrumb\":{\"@id\":\"https:\\\/\\\/hotel-bergfreund.ch\\\/fr\\\/groupes\\\/#breadcrumb\"},\"inLanguage\":\"fr-FR\",\"potentialAction\":[{\"@type\":\"ReadAction\",\"target\":[\"https:\\\/\\\/hotel-bergfreund.ch\\\/fr\\\/groupes\\\/\"]}]},{\"@type\":\"BreadcrumbList\",\"@id\":\"https:\\\/\\\/hotel-bergfreund.ch\\\/fr\\\/groupes\\\/#breadcrumb\",\"itemListElement\":[{\"@type\":\"ListItem\",\"position\":1,\"name\":\"Startseite\",\"item\":\"https:\\\/\\\/hotel-bergfreund.ch\\\/fr\\\/hotel-bergfreund-herbriggen\\\/\"},{\"@type\":\"ListItem\",\"position\":2,\"name\":\"Groupes\"}]},{\"@type\":\"WebSite\",\"@id\":\"https:\\\/\\\/hotel-bergfreund.ch\\\/fr\\\/#website\",\"url\":\"https:\\\/\\\/hotel-bergfreund.ch\\\/fr\\\/\",\"name\":\"Hotel Restaurant Mattmarkblick in Saas-Almagell Saastal\",\"description\":\"Einmalig freundlich und famili\u00e4r\",\"publisher\":{\"@id\":\"https:\\\/\\\/hotel-bergfreund.ch\\\/fr\\\/#organization\"},\"potentialAction\":[{\"@type\":\"SearchAction\",\"target\":{\"@type\":\"EntryPoint\",\"urlTemplate\":\"https:\\\/\\\/hotel-bergfreund.ch\\\/fr\\\/?s={search_term_string}\"},\"query-input\":{\"@type\":\"PropertyValueSpecification\",\"valueRequired\":true,\"valueName\":\"search_term_string\"}}],\"inLanguage\":\"fr-FR\"},{\"@type\":\"Organization\",\"@id\":\"https:\\\/\\\/hotel-bergfreund.ch\\\/fr\\\/#organization\",\"name\":\"Hotel Bergfreund\",\"url\":\"https:\\\/\\\/hotel-bergfreund.ch\\\/fr\\\/\",\"logo\":{\"@type\":\"ImageObject\",\"inLanguage\":\"fr-FR\",\"@id\":\"https:\\\/\\\/hotel-bergfreund.ch\\\/fr\\\/#\\\/schema\\\/logo\\\/image\\\/\",\"url\":\"https:\\\/\\\/hotel-bergfreund.ch\\\/wp-content\\\/uploads\\\/schlosshotel-leuk.svg\",\"contentUrl\":\"https:\\\/\\\/hotel-bergfreund.ch\\\/wp-content\\\/uploads\\\/schlosshotel-leuk.svg\",\"width\":210,\"height\":52,\"caption\":\"Hotel Bergfreund\"},\"image\":{\"@id\":\"https:\\\/\\\/hotel-bergfreund.ch\\\/fr\\\/#\\\/schema\\\/logo\\\/image\\\/\"}}]}<\/script>\n<!-- \/ Yoast SEO plugin. -->","yoast_head_json":{"title":"Groupes - Bergfreund","description":"Des dortoirs populaires pour 5+ personnes, id\u00e9aux pour les alpinistes, avec douche et WC. Contactez-nous pour une offre personnalis\u00e9e.","robots":{"index":"index","follow":"follow","max-snippet":"max-snippet:-1","max-image-preview":"max-image-preview:large","max-video-preview":"max-video-preview:-1"},"canonical":"https:\/\/hotel-bergfreund.ch\/fr\/groupes\/","og_locale":"fr_FR","og_type":"article","og_title":"Groupes - Bergfreund","og_description":"Des dortoirs populaires pour 5+ personnes, id\u00e9aux pour les alpinistes, avec douche et WC. Contactez-nous pour une offre personnalis\u00e9e.","og_url":"https:\/\/hotel-bergfreund.ch\/fr\/groupes\/","og_site_name":"Bergfreund","article_modified_time":"2024-09-21T09:09:11+00:00","twitter_card":"summary_large_image","twitter_misc":{"Dur\u00e9e de lecture estim\u00e9e":"1 minute"},"schema":{"@context":"https:\/\/schema.org","@graph":[{"@type":"WebPage","@id":"https:\/\/hotel-bergfreund.ch\/fr\/groupes\/","url":"https:\/\/hotel-bergfreund.ch\/fr\/groupes\/","name":"Groupes - Bergfreund","isPartOf":{"@id":"https:\/\/hotel-bergfreund.ch\/fr\/#website"},"datePublished":"2024-01-19T14:15:51+00:00","dateModified":"2024-09-21T09:09:11+00:00","description":"Des dortoirs populaires pour 5+ personnes, id\u00e9aux pour les alpinistes, avec douche et WC. Contactez-nous pour une offre personnalis\u00e9e.","breadcrumb":{"@id":"https:\/\/hotel-bergfreund.ch\/fr\/groupes\/#breadcrumb"},"inLanguage":"fr-FR","potentialAction":[{"@type":"ReadAction","target":["https:\/\/hotel-bergfreund.ch\/fr\/groupes\/"]}]},{"@type":"BreadcrumbList","@id":"https:\/\/hotel-bergfreund.ch\/fr\/groupes\/#breadcrumb","itemListElement":[{"@type":"ListItem","position":1,"name":"Startseite","item":"https:\/\/hotel-bergfreund.ch\/fr\/hotel-bergfreund-herbriggen\/"},{"@type":"ListItem","position":2,"name":"Groupes"}]},{"@type":"WebSite","@id":"https:\/\/hotel-bergfreund.ch\/fr\/#website","url":"https:\/\/hotel-bergfreund.ch\/fr\/","name":"Hotel Restaurant Mattmarkblick in Saas-Almagell Saastal","description":"Einmalig freundlich und famili\u00e4r","publisher":{"@id":"https:\/\/hotel-bergfreund.ch\/fr\/#organization"},"potentialAction":[{"@type":"SearchAction","target":{"@type":"EntryPoint","urlTemplate":"https:\/\/hotel-bergfreund.ch\/fr\/?s={search_term_string}"},"query-input":{"@type":"PropertyValueSpecification","valueRequired":true,"valueName":"search_term_string"}}],"inLanguage":"fr-FR"},{"@type":"Organization","@id":"https:\/\/hotel-bergfreund.ch\/fr\/#organization","name":"Hotel Bergfreund","url":"https:\/\/hotel-bergfreund.ch\/fr\/","logo":{"@type":"ImageObject","inLanguage":"fr-FR","@id":"https:\/\/hotel-bergfreund.ch\/fr\/#\/schema\/logo\/image\/","url":"https:\/\/hotel-bergfreund.ch\/wp-content\/uploads\/schlosshotel-leuk.svg","contentUrl":"https:\/\/hotel-bergfreund.ch\/wp-content\/uploads\/schlosshotel-leuk.svg","width":210,"height":52,"caption":"Hotel Bergfreund"},"image":{"@id":"https:\/\/hotel-bergfreund.ch\/fr\/#\/schema\/logo\/image\/"}}]}},"publishpress_future_action":{"enabled":false,"date":"2026-04-27 06:44:39","action":"change-status","newStatus":"draft","terms":[],"taxonomy":"translation_priority","extraData":[]},"publishpress_future_workflow_manual_trigger":{"enabledWorkflows":[]},"_links":{"self":[{"href":"https:\/\/hotel-bergfreund.ch\/fr\/wp-json\/wp\/v2\/pages\/4208","targetHints":{"allow":["GET"]}}],"collection":[{"href":"https:\/\/hotel-bergfreund.ch\/fr\/wp-json\/wp\/v2\/pages"}],"about":[{"href":"https:\/\/hotel-bergfreund.ch\/fr\/wp-json\/wp\/v2\/types\/page"}],"author":[{"embeddable":true,"href":"https:\/\/hotel-bergfreund.ch\/fr\/wp-json\/wp\/v2\/users\/4"}],"replies":[{"embeddable":true,"href":"https:\/\/hotel-bergfreund.ch\/fr\/wp-json\/wp\/v2\/comments?post=4208"}],"version-history":[{"count":4,"href":"https:\/\/hotel-bergfreund.ch\/fr\/wp-json\/wp\/v2\/pages\/4208\/revisions"}],"predecessor-version":[{"id":4394,"href":"https:\/\/hotel-bergfreund.ch\/fr\/wp-json\/wp\/v2\/pages\/4208\/revisions\/4394"}],"wp:attachment":[{"href":"https:\/\/hotel-bergfreund.ch\/fr\/wp-json\/wp\/v2\/media?parent=4208"}],"curies":[{"name":"wp","href":"https:\/\/api.w.org\/{rel}","templated":true}]}}