{"id":4213,"date":"2024-08-15T06:24:30","date_gmt":"2024-08-15T04:24:30","guid":{"rendered":"https:\/\/hotel-bergfreund.ch\/?page_id=4213"},"modified":"2026-01-29T16:47:14","modified_gmt":"2026-01-29T15:47:14","slug":"avec-nous-tout-au-long-de-lannee","status":"publish","type":"page","link":"https:\/\/hotel-bergfreund.ch\/fr\/avec-nous-tout-au-long-de-lannee\/","title":{"rendered":"Avec nous tout au long de l&rsquo;ann\u00e9e"},"content":{"rendered":"\n<style type=\"text\/css\" data-created_by=\"avia_inline_auto\" id=\"style-css-av-4jrz2z-0f402248a1931f4fb740105d0a8faf53\">\n.flex_column.av-4jrz2z-0f402248a1931f4fb740105d0a8faf53{\npadding:50px 50px 50px 50px;\nbackground-color:#fdf4da;\n}\n<\/style>\n<div  class='flex_column av-4jrz2z-0f402248a1931f4fb740105d0a8faf53 av_three_fourth  avia-builder-el-0  el_before_av_section  avia-builder-el-no-sibling  first flex_column_div  '     ><section  class='av_textblock_section av-lzs7s3xg-8788011fcd82275ba8fde7dffad930ab '   itemscope=\"itemscope\" itemtype=\"https:\/\/schema.org\/CreativeWork\" ><div class='avia_textblock'  itemprop=\"text\" ><h1>Avec nous tout au long de l&rsquo;ann\u00e9e<\/h1>\n<\/div><\/section><br \/>\n<section  class='av_textblock_section av-3622cr-4e55317e2faac3791e4492e2278d53b2 '   itemscope=\"itemscope\" itemtype=\"https:\/\/schema.org\/CreativeWork\" ><div class='avia_textblock'  itemprop=\"text\" ><p>D\u00e9couvrez avec nous toute l&rsquo;ann\u00e9e des sp\u00e9cialit\u00e9s culinaires dans notre restaurant \u00e0 la carte.<\/p>\n<\/div><\/section><\/p><\/div>\n<\/div><\/div><\/div><!-- close content main div --><\/div><\/div><div id='av_section_1'  class='avia-section av-2mmq51-f30ac513a8cf781aeb266364ad864ff9 main_color avia-section-large avia-no-border-styling  avia-builder-el-3  el_after_av_three_fourth  el_before_av_three_fifth  avia-bg-style-scroll container_wrap sidebar_right'  ><div class='container av-section-cont-open' ><div class='template-page content  av-content-small alpha units'><div class='post-entry post-entry-type-page post-entry-4213'><div class='entry-content-wrapper clearfix'>\n<div  class='flex_column av-o92cg5-1956984d2c4e2d5f23a77ebc6c88e5a8 av_three_fifth  avia-builder-el-4  el_before_av_three_fifth  avia-builder-el-first  first flex_column_div  '     ><section  class='av_textblock_section av-m86g5aty-8a8336a9fe620e668c37ea39421f93c0 '   itemscope=\"itemscope\" itemtype=\"https:\/\/schema.org\/CreativeWork\" ><div class='avia_textblock'  itemprop=\"text\" ><p class=\"wp-block-heading\"><strong>31 janvier, samedi,\/ 1er f\u00e9vrier, dimanche \/ 12 f\u00e9vrier, Feist\u00e4 Donnschtag \/ 15 f\u00e9vrier, dimanche \/ 22 f\u00e9vrier, samedi \/ 28 f\u00e9vrier et dimanche 1er mars.<\/strong><\/p>\n<h2 id=\"gsottus\" class=\"wp-block-heading\">Gsottus<\/h2>\n<p>Pour les groupes \u00e0 partir de 20 personnes, nous vous r\u00e9servons volontiers une date. Veuillez nous contacter.<\/p>\n<\/div><\/section><br \/>\n<div  class='hr av-mjgerp-2d320a10b5a50a251d1818b81e87f742 hr-default  avia-builder-el-6  el_after_av_textblock  avia-builder-el-last '><span class='hr-inner '><span class=\"hr-inner-style\"><\/span><\/span><\/div><\/p><\/div><div  class='flex_column av-lelfit-fdb8d209a8345987d82aeaf6b5d4a45a av_three_fifth  avia-builder-el-7  el_after_av_three_fifth  el_before_av_three_fifth  first flex_column_div  '     ><section  class='av_textblock_section av-m86g5nxr-e79e99c8af9504a881c75b9863d1435e '   itemscope=\"itemscope\" itemtype=\"https:\/\/schema.org\/CreativeWork\" ><div class='avia_textblock'  itemprop=\"text\" ><p id=\"sa-31-dezember-2022\" class=\"wp-block-heading\"><strong>14 f\u00e9vrier 2026<\/strong><\/p>\n<h2 id=\"saujass\" class=\"wp-block-heading\">Saint-Valentin<\/h2>\n<\/div><\/section><br \/>\n<div  class='hr av-ihzkj9-39b0956fce5d8d501b53170f08c993b8 hr-default  avia-builder-el-9  el_after_av_textblock  avia-builder-el-last '><span class='hr-inner '><span class=\"hr-inner-style\"><\/span><\/span><\/div><\/p><\/div><div  class='flex_column av-1qagk5-728e085773deb0aba77d40ac62e6cc5f av_three_fifth  avia-builder-el-10  el_after_av_three_fifth  el_before_av_three_fifth  first flex_column_div  '     ><section  class='av_textblock_section av-m86g61i1-2b3826312ee02dfdd109777257bcff1a '   itemscope=\"itemscope\" itemtype=\"https:\/\/schema.org\/CreativeWork\" ><div class='avia_textblock'  itemprop=\"text\" ><p id=\"sa-31-dezember-2022\" class=\"wp-block-heading\"><strong>5 avril 2026<\/strong><\/p>\n<h2 id=\"saujass\" class=\"wp-block-heading\">P\u00e2ques<\/h2>\n<\/div><\/section><br \/>\n<div  class='hr av-f4hfed-14bdebb3193419c83549cb062b3e922e hr-default  avia-builder-el-12  el_after_av_textblock  avia-builder-el-last '><span class='hr-inner '><span class=\"hr-inner-style\"><\/span><\/span><\/div><\/p><\/div><div  class='flex_column av-evj2gl-88b83dcbb06da43531023c3ebd3f1d46 av_three_fifth  avia-builder-el-13  el_after_av_three_fifth  el_before_av_three_fifth  first flex_column_div  '     ><section  class='av_textblock_section av-m86g7iea-d5dd5901a0cc36ad4ec36101a714f149 '   itemscope=\"itemscope\" itemtype=\"https:\/\/schema.org\/CreativeWork\" ><div class='avia_textblock'  itemprop=\"text\" ><p id=\"sa-31-dezember-2022\" class=\"wp-block-heading\"><strong>10 mai 2026<\/strong><\/p>\n<h2 id=\"saujass\" class=\"wp-block-heading\">F\u00eate des m\u00e8res<\/h2>\n<\/div><\/section><br \/>\n<div  class='hr av-cx6hmd-923777da0e7af0a8f426cc6c33c84f72 hr-default  avia-builder-el-15  el_after_av_textblock  avia-builder-el-last '><span class='hr-inner '><span class=\"hr-inner-style\"><\/span><\/span><\/div><\/p><\/div><div  class='flex_column av-ahs9qd-15c7dbe98b5a380c6aa35b6cfc5279e5 av_three_fifth  avia-builder-el-16  el_after_av_three_fifth  el_before_av_three_fifth  first flex_column_div  '     ><section  class='av_textblock_section av-m86fpu1z-ea2e7279cfd04d02133a0ac9aa3b5c74 '   itemscope=\"itemscope\" itemtype=\"https:\/\/schema.org\/CreativeWork\" ><div class='avia_textblock'  itemprop=\"text\" ><p id=\"sa-31-dezember-2022\" class=\"wp-block-heading\"><strong>Du 20 septembre au 1er novembre 2026<\/strong><\/p>\n<h2 id=\"silvester-mit-6-gang-menu\" class=\"wp-block-heading\">Sp\u00e9cialit\u00e9s de viande de gibier<\/h2>\n<\/div><\/section><br \/>\n<div  class='hr av-9k5x79-560ca0a1f576e152810f32033310c960 hr-default  avia-builder-el-18  el_after_av_textblock  avia-builder-el-last '><span class='hr-inner '><span class=\"hr-inner-style\"><\/span><\/span><\/div><\/p><\/div><div  class='flex_column av-7wh7t1-177aacb7844bfa43b2440c020b1aa1fe av_three_fifth  avia-builder-el-19  el_after_av_three_fifth  el_before_av_three_fifth  first flex_column_div  '     ><section  class='av_textblock_section av-m86g2eph-8b9de538555667e6ef0856d226e2db44 '   itemscope=\"itemscope\" itemtype=\"https:\/\/schema.org\/CreativeWork\" ><div class='avia_textblock'  itemprop=\"text\" ><p id=\"sa-31-dezember-2022\" class=\"wp-block-heading\"><strong>20 et 21 novembre 2026<\/strong><\/p>\n<h2 id=\"silvester-mit-6-gang-menu\" class=\"wp-block-heading\">Bootz \u2013 Melti<\/h2>\n<\/div><\/section><br \/>\n<div  class='hr av-67nsd1-c0a98108a9c3c18698be15a9e1c655bd hr-default  avia-builder-el-21  el_after_av_textblock  avia-builder-el-last '><span class='hr-inner '><span class=\"hr-inner-style\"><\/span><\/span><\/div><\/p><\/div><div  class='flex_column av-4e2w2t-4ef78be260e086351de07ac7dca87f1b av_three_fifth  avia-builder-el-22  el_after_av_three_fifth  avia-builder-el-last  first flex_column_div  '     ><section  class='av_textblock_section av-m86g399n-4f1859de4616c04f233207dd605ed0b2 '   itemscope=\"itemscope\" itemtype=\"https:\/\/schema.org\/CreativeWork\" ><div class='avia_textblock'  itemprop=\"text\" ><p id=\"sa-31-dezember-2022\" class=\"wp-block-heading\"><strong>31 d\u00e9cembre 2026<\/strong><\/p>\n<h2 id=\"saujass\" class=\"wp-block-heading\">Menu du Nouvel An avec musique live<\/h2>\n<\/div><\/section><br \/>\n<div  class='hr av-2x7dud-4bc23a56070a4f8aae50db52ebc124d9 hr-default  avia-builder-el-24  el_after_av_textblock  avia-builder-el-last '><span class='hr-inner '><span class=\"hr-inner-style\"><\/span><\/span><\/div><\/p><\/div>\n<\/div><\/div><\/div><!-- close content main div --><\/div><\/div><div id='after_section_1'  class='main_color av_default_container_wrap container_wrap sidebar_right'  ><div class='container av-section-cont-open' ><div class='template-page content  av-content-small alpha units'><div class='post-entry post-entry-type-page post-entry-4213'><div class='entry-content-wrapper clearfix'>\n<div  class='flex_column av-av_three_fifth-62182491de0c8640dccef865bfe8b366 av_three_fifth  avia-builder-el-25  el_after_av_section  avia-builder-el-no-sibling  first flex_column_div  '     ><section  class='av_textblock_section av-mkzmnpxo-209ad8f14fa18471ba259bc0645e93fa '   itemscope=\"itemscope\" itemtype=\"https:\/\/schema.org\/CreativeWork\" ><div class='avia_textblock'  itemprop=\"text\" ><p id=\"sa-31-dezember-2022\" class=\"wp-block-heading\"><strong>31 janvier 2027<\/strong><\/p>\n<h2 id=\"saujass\" class=\"wp-block-heading\">Sau \u2013 Jass<\/h2>\n<p><a href=\"https:\/\/hotel-bergfreund.ch\/wp-content\/uploads\/\/jass.pdf\" target=\"_blank\" rel=\"noopener\">Flyer<\/a><\/p>\n<\/div><\/section><br \/>\n<div  class='hr av-av_hr-34d966c1397a867a533fbb38af979625 hr-default  avia-builder-el-27  el_after_av_textblock  avia-builder-el-last '><span class='hr-inner '><span class=\"hr-inner-style\"><\/span><\/span><\/div><\/p><\/div>\n","protected":false},"excerpt":{"rendered":"","protected":false},"author":4,"featured_media":0,"parent":0,"menu_order":5,"comment_status":"closed","ping_status":"closed","template":"","meta":{"footnotes":""},"class_list":["post-4213","page","type-page","status-publish","hentry"],"yoast_head":"<!-- This site is optimized with the Yoast SEO plugin v27.4 - https:\/\/yoast.com\/product\/yoast-seo-wordpress\/ -->\n<title>Avec nous tout au long de l&#039;ann\u00e9e - Bergfreund<\/title>\n<meta name=\"description\" content=\"D\u00e9couvrez avec nous toute l&#039;ann\u00e9e des sp\u00e9cialit\u00e9s culinaires dans notre restaurant \u00e0 la carte de l&#039;h\u00f4tel Bergfreund, \u00e0 Herbriggen.\" \/>\n<meta name=\"robots\" content=\"index, follow, max-snippet:-1, max-image-preview:large, max-video-preview:-1\" \/>\n<link rel=\"canonical\" href=\"https:\/\/hotel-bergfreund.ch\/fr\/avec-nous-tout-au-long-de-lannee\/\" \/>\n<meta property=\"og:locale\" content=\"fr_FR\" \/>\n<meta property=\"og:type\" content=\"article\" \/>\n<meta property=\"og:title\" content=\"Avec nous tout au long de l&#039;ann\u00e9e - Bergfreund\" \/>\n<meta property=\"og:description\" content=\"D\u00e9couvrez avec nous toute l&#039;ann\u00e9e des sp\u00e9cialit\u00e9s culinaires dans notre restaurant \u00e0 la carte de l&#039;h\u00f4tel Bergfreund, \u00e0 Herbriggen.\" \/>\n<meta property=\"og:url\" content=\"https:\/\/hotel-bergfreund.ch\/fr\/avec-nous-tout-au-long-de-lannee\/\" \/>\n<meta property=\"og:site_name\" content=\"Bergfreund\" \/>\n<meta property=\"article:modified_time\" content=\"2026-01-29T15:47:14+00:00\" \/>\n<meta name=\"twitter:card\" content=\"summary_large_image\" \/>\n<meta name=\"twitter:label1\" content=\"Dur\u00e9e de lecture estim\u00e9e\" \/>\n\t<meta name=\"twitter:data1\" content=\"1 minute\" \/>\n<script type=\"application\/ld+json\" class=\"yoast-schema-graph\">{\"@context\":\"https:\\\/\\\/schema.org\",\"@graph\":[{\"@type\":\"WebPage\",\"@id\":\"https:\\\/\\\/hotel-bergfreund.ch\\\/fr\\\/avec-nous-tout-au-long-de-lannee\\\/\",\"url\":\"https:\\\/\\\/hotel-bergfreund.ch\\\/fr\\\/avec-nous-tout-au-long-de-lannee\\\/\",\"name\":\"Avec nous tout au long de l'ann\u00e9e - Bergfreund\",\"isPartOf\":{\"@id\":\"https:\\\/\\\/hotel-bergfreund.ch\\\/fr\\\/#website\"},\"datePublished\":\"2024-08-15T04:24:30+00:00\",\"dateModified\":\"2026-01-29T15:47:14+00:00\",\"description\":\"D\u00e9couvrez avec nous toute l'ann\u00e9e des sp\u00e9cialit\u00e9s culinaires dans notre restaurant \u00e0 la carte de l'h\u00f4tel Bergfreund, \u00e0 Herbriggen.\",\"breadcrumb\":{\"@id\":\"https:\\\/\\\/hotel-bergfreund.ch\\\/fr\\\/avec-nous-tout-au-long-de-lannee\\\/#breadcrumb\"},\"inLanguage\":\"fr-FR\",\"potentialAction\":[{\"@type\":\"ReadAction\",\"target\":[\"https:\\\/\\\/hotel-bergfreund.ch\\\/fr\\\/avec-nous-tout-au-long-de-lannee\\\/\"]}]},{\"@type\":\"BreadcrumbList\",\"@id\":\"https:\\\/\\\/hotel-bergfreund.ch\\\/fr\\\/avec-nous-tout-au-long-de-lannee\\\/#breadcrumb\",\"itemListElement\":[{\"@type\":\"ListItem\",\"position\":1,\"name\":\"Startseite\",\"item\":\"https:\\\/\\\/hotel-bergfreund.ch\\\/fr\\\/hotel-bergfreund-herbriggen\\\/\"},{\"@type\":\"ListItem\",\"position\":2,\"name\":\"Avec nous tout au long de l&#8217;ann\u00e9e\"}]},{\"@type\":\"WebSite\",\"@id\":\"https:\\\/\\\/hotel-bergfreund.ch\\\/fr\\\/#website\",\"url\":\"https:\\\/\\\/hotel-bergfreund.ch\\\/fr\\\/\",\"name\":\"Hotel Restaurant Mattmarkblick in Saas-Almagell Saastal\",\"description\":\"Einmalig freundlich und famili\u00e4r\",\"publisher\":{\"@id\":\"https:\\\/\\\/hotel-bergfreund.ch\\\/fr\\\/#organization\"},\"potentialAction\":[{\"@type\":\"SearchAction\",\"target\":{\"@type\":\"EntryPoint\",\"urlTemplate\":\"https:\\\/\\\/hotel-bergfreund.ch\\\/fr\\\/?s={search_term_string}\"},\"query-input\":{\"@type\":\"PropertyValueSpecification\",\"valueRequired\":true,\"valueName\":\"search_term_string\"}}],\"inLanguage\":\"fr-FR\"},{\"@type\":\"Organization\",\"@id\":\"https:\\\/\\\/hotel-bergfreund.ch\\\/fr\\\/#organization\",\"name\":\"Hotel Bergfreund\",\"url\":\"https:\\\/\\\/hotel-bergfreund.ch\\\/fr\\\/\",\"logo\":{\"@type\":\"ImageObject\",\"inLanguage\":\"fr-FR\",\"@id\":\"https:\\\/\\\/hotel-bergfreund.ch\\\/fr\\\/#\\\/schema\\\/logo\\\/image\\\/\",\"url\":\"https:\\\/\\\/hotel-bergfreund.ch\\\/wp-content\\\/uploads\\\/schlosshotel-leuk.svg\",\"contentUrl\":\"https:\\\/\\\/hotel-bergfreund.ch\\\/wp-content\\\/uploads\\\/schlosshotel-leuk.svg\",\"width\":210,\"height\":52,\"caption\":\"Hotel Bergfreund\"},\"image\":{\"@id\":\"https:\\\/\\\/hotel-bergfreund.ch\\\/fr\\\/#\\\/schema\\\/logo\\\/image\\\/\"}}]}<\/script>\n<!-- \/ Yoast SEO plugin. -->","yoast_head_json":{"title":"Avec nous tout au long de l'ann\u00e9e - Bergfreund","description":"D\u00e9couvrez avec nous toute l'ann\u00e9e des sp\u00e9cialit\u00e9s culinaires dans notre restaurant \u00e0 la carte de l'h\u00f4tel Bergfreund, \u00e0 Herbriggen.","robots":{"index":"index","follow":"follow","max-snippet":"max-snippet:-1","max-image-preview":"max-image-preview:large","max-video-preview":"max-video-preview:-1"},"canonical":"https:\/\/hotel-bergfreund.ch\/fr\/avec-nous-tout-au-long-de-lannee\/","og_locale":"fr_FR","og_type":"article","og_title":"Avec nous tout au long de l'ann\u00e9e - Bergfreund","og_description":"D\u00e9couvrez avec nous toute l'ann\u00e9e des sp\u00e9cialit\u00e9s culinaires dans notre restaurant \u00e0 la carte de l'h\u00f4tel Bergfreund, \u00e0 Herbriggen.","og_url":"https:\/\/hotel-bergfreund.ch\/fr\/avec-nous-tout-au-long-de-lannee\/","og_site_name":"Bergfreund","article_modified_time":"2026-01-29T15:47:14+00:00","twitter_card":"summary_large_image","twitter_misc":{"Dur\u00e9e de lecture estim\u00e9e":"1 minute"},"schema":{"@context":"https:\/\/schema.org","@graph":[{"@type":"WebPage","@id":"https:\/\/hotel-bergfreund.ch\/fr\/avec-nous-tout-au-long-de-lannee\/","url":"https:\/\/hotel-bergfreund.ch\/fr\/avec-nous-tout-au-long-de-lannee\/","name":"Avec nous tout au long de l'ann\u00e9e - Bergfreund","isPartOf":{"@id":"https:\/\/hotel-bergfreund.ch\/fr\/#website"},"datePublished":"2024-08-15T04:24:30+00:00","dateModified":"2026-01-29T15:47:14+00:00","description":"D\u00e9couvrez avec nous toute l'ann\u00e9e des sp\u00e9cialit\u00e9s culinaires dans notre restaurant \u00e0 la carte de l'h\u00f4tel Bergfreund, \u00e0 Herbriggen.","breadcrumb":{"@id":"https:\/\/hotel-bergfreund.ch\/fr\/avec-nous-tout-au-long-de-lannee\/#breadcrumb"},"inLanguage":"fr-FR","potentialAction":[{"@type":"ReadAction","target":["https:\/\/hotel-bergfreund.ch\/fr\/avec-nous-tout-au-long-de-lannee\/"]}]},{"@type":"BreadcrumbList","@id":"https:\/\/hotel-bergfreund.ch\/fr\/avec-nous-tout-au-long-de-lannee\/#breadcrumb","itemListElement":[{"@type":"ListItem","position":1,"name":"Startseite","item":"https:\/\/hotel-bergfreund.ch\/fr\/hotel-bergfreund-herbriggen\/"},{"@type":"ListItem","position":2,"name":"Avec nous tout au long de l&#8217;ann\u00e9e"}]},{"@type":"WebSite","@id":"https:\/\/hotel-bergfreund.ch\/fr\/#website","url":"https:\/\/hotel-bergfreund.ch\/fr\/","name":"Hotel Restaurant Mattmarkblick in Saas-Almagell Saastal","description":"Einmalig freundlich und famili\u00e4r","publisher":{"@id":"https:\/\/hotel-bergfreund.ch\/fr\/#organization"},"potentialAction":[{"@type":"SearchAction","target":{"@type":"EntryPoint","urlTemplate":"https:\/\/hotel-bergfreund.ch\/fr\/?s={search_term_string}"},"query-input":{"@type":"PropertyValueSpecification","valueRequired":true,"valueName":"search_term_string"}}],"inLanguage":"fr-FR"},{"@type":"Organization","@id":"https:\/\/hotel-bergfreund.ch\/fr\/#organization","name":"Hotel Bergfreund","url":"https:\/\/hotel-bergfreund.ch\/fr\/","logo":{"@type":"ImageObject","inLanguage":"fr-FR","@id":"https:\/\/hotel-bergfreund.ch\/fr\/#\/schema\/logo\/image\/","url":"https:\/\/hotel-bergfreund.ch\/wp-content\/uploads\/schlosshotel-leuk.svg","contentUrl":"https:\/\/hotel-bergfreund.ch\/wp-content\/uploads\/schlosshotel-leuk.svg","width":210,"height":52,"caption":"Hotel Bergfreund"},"image":{"@id":"https:\/\/hotel-bergfreund.ch\/fr\/#\/schema\/logo\/image\/"}}]}},"publishpress_future_action":{"enabled":false,"date":"2026-04-29 10:34:06","action":"change-status","newStatus":"draft","terms":[],"taxonomy":"translation_priority","extraData":[]},"publishpress_future_workflow_manual_trigger":{"enabledWorkflows":[]},"_links":{"self":[{"href":"https:\/\/hotel-bergfreund.ch\/fr\/wp-json\/wp\/v2\/pages\/4213","targetHints":{"allow":["GET"]}}],"collection":[{"href":"https:\/\/hotel-bergfreund.ch\/fr\/wp-json\/wp\/v2\/pages"}],"about":[{"href":"https:\/\/hotel-bergfreund.ch\/fr\/wp-json\/wp\/v2\/types\/page"}],"author":[{"embeddable":true,"href":"https:\/\/hotel-bergfreund.ch\/fr\/wp-json\/wp\/v2\/users\/4"}],"replies":[{"embeddable":true,"href":"https:\/\/hotel-bergfreund.ch\/fr\/wp-json\/wp\/v2\/comments?post=4213"}],"version-history":[{"count":6,"href":"https:\/\/hotel-bergfreund.ch\/fr\/wp-json\/wp\/v2\/pages\/4213\/revisions"}],"predecessor-version":[{"id":4463,"href":"https:\/\/hotel-bergfreund.ch\/fr\/wp-json\/wp\/v2\/pages\/4213\/revisions\/4463"}],"wp:attachment":[{"href":"https:\/\/hotel-bergfreund.ch\/fr\/wp-json\/wp\/v2\/media?parent=4213"}],"curies":[{"name":"wp","href":"https:\/\/api.w.org\/{rel}","templated":true}]}}