{"id":4222,"date":"2023-07-14T18:30:57","date_gmt":"2023-07-14T16:30:57","guid":{"rendered":"https:\/\/hotel-bergfreund.ch\/?page_id=4222"},"modified":"2024-09-09T15:02:42","modified_gmt":"2024-09-09T13:02:42","slug":"conditions-generales","status":"publish","type":"page","link":"https:\/\/hotel-bergfreund.ch\/fr\/conditions-generales\/","title":{"rendered":"Conditions g\u00e9n\u00e9rales"},"content":{"rendered":"<div id='av_section_1'  class='avia-section av-4lpm33-7bfda394417f19379b2b644a6406aeeb main_color avia-section-default avia-no-border-styling  avia-builder-el-0  avia-builder-el-no-sibling  avia-bg-style-scroll container_wrap sidebar_right'  ><div class='container av-section-cont-open' ><main  role=\"main\" itemprop=\"mainContentOfPage\"  class='template-page content  av-content-small alpha units'><div class='post-entry post-entry-type-page post-entry-4222'><div class='entry-content-wrapper clearfix'>\n<section  class='av_textblock_section av-2exyr3-297402108cce9e7c06a969cb2df27221 '   itemscope=\"itemscope\" itemtype=\"https:\/\/schema.org\/CreativeWork\" ><div class='avia_textblock textblock-morph-responsive'  itemprop=\"text\" ><h1>Conditions g\u00e9n\u00e9rales<\/h1>\n<p><strong>1. domaine d&rsquo;application<\/strong><\/p>\n<p>Les pr\u00e9sentes CGV s&rsquo;appliquent \u00e0 toutes les relations juridiques entre l&rsquo;h\u00f4tel Bergfreund et l&rsquo;H\u00f4te.<\/p>\n<p><strong>2. conclusion du contrat<br \/>\n<\/strong>La r\u00e9ception de la r\u00e9servation \u00e9crite, t\u00e9l\u00e9phonique, \u00e9lectronique ou personnelle et l&rsquo;envoi de la confirmation de r\u00e9servation donnent lieu \u00e0 la conclusion d&rsquo;un contrat entre l&rsquo;H\u00d4TE et l&rsquo;h\u00f4tel Bergfreund. Les pr\u00e9sentes conditions g\u00e9n\u00e9rales de contrat font partie int\u00e9grante de ce contrat. Les communications par e-mail sont consid\u00e9r\u00e9es comme ayant \u00e9t\u00e9 faites par \u00e9crit.<\/p>\n<p><strong>3. conditions de r\u00e9servation<\/strong><\/p>\n<p>Pour toutes les r\u00e9servations, y compris celles effectu\u00e9es par Internet, les d\u00e9tails valables de la carte de cr\u00e9dit doivent \u00eatre d\u00e9pos\u00e9s comme garantie. Si ces conditions ne sont pas respect\u00e9es, l&rsquo;h\u00f4tel Bergfreund peut annuler la r\u00e9servation sans pr\u00e9avis.<br \/>\nEn ce qui concerne les frais d&rsquo;annulation, le point 4 ci-apr\u00e8s s&rsquo;applique.<\/p>\n<p><strong>4 Annulations et changements de r\u00e9servation<\/strong><\/p>\n<p><strong>4.1 Conditions g\u00e9n\u00e9rales<\/strong><br \/>\nLes annulations ou modifications de r\u00e9servation ne sont valables que si elles sont adress\u00e9es par \u00e9crit \u00e0 l&rsquo;h\u00f4tel Bergfreund et confirm\u00e9es par \u00e9crit par l&rsquo;h\u00f4tel. Les d\u00e9lais suivants sont applicables :<\/p>\n<ul>\n<li>Modifications\/annulations : \u00c9t\u00e9 : 3 jours \/ Hiver : 2 jours : avant l&rsquo;arriv\u00e9e sont gratuites, en cas d&rsquo;annulation ult\u00e9rieure, les frais d&rsquo;annulation s&rsquo;\u00e9l\u00e8vent \u00e0 100% du montant de la r\u00e9servation.<\/li>\n<li>Exception 20.12.-07.01. chaque ann\u00e9e 30 jours avant l&rsquo;arriv\u00e9e avant l&rsquo;arriv\u00e9e sont gratuits, en cas d&rsquo;annulation ult\u00e9rieure, les frais d&rsquo;annulation s&rsquo;\u00e9l\u00e8vent \u00e0 100% du montant de la r\u00e9servation.<\/li>\n<li>Des exceptions sont possibles moyennant un accord \u00e9crit.<br \/>\nPour les r\u00e9servations effectu\u00e9es via des portails de r\u00e9servation, les conditions mentionn\u00e9es sur les portails de r\u00e9servation en ligne s&rsquo;appliquent. En r\u00e9servant sur ces portails, le client accepte ces conditions.<\/li>\n<\/ul>\n<p><strong>4.1.1 Acomptes<br \/>\n<\/strong>Les acomptes d\u00e9j\u00e0 vers\u00e9s sont rembours\u00e9s.<\/p>\n<p><strong>4.1.2 R\u00e9glementations s\u00e9par\u00e9es (par ex. pour les r\u00e9servations de groupe)<\/strong><br \/>\nElles peuvent \u00eatre convenues, mais doivent \u00eatre formul\u00e9es par \u00e9crit.<\/p>\n<p><strong>4.2 Date d&rsquo;annulation et assurance<\/strong><br \/>\nLa date de r\u00e9ception de la d\u00e9claration \u00e9crite par le bureau de r\u00e9servation est d\u00e9terminante pour le calcul de la date d&rsquo;annulation.<br \/>\nDans les cas difficiles, les frais d&rsquo;annulation peuvent \u00eatre pris en charge par une assurance frais d&rsquo;annulation, dans la mesure o\u00f9 l&rsquo;H\u00f4te en a souscrit une.<\/p>\n<p><strong>4.3 Remplacement d&rsquo;une personne<\/strong><br \/>\nSi l&rsquo;arrangement r\u00e9serv\u00e9 ne peut pas \u00eatre entrepris, l&rsquo;h\u00f4tel Bergfreund accepte une personne de remplacement qui reprend la r\u00e9servation existante aux m\u00eames conditions. La personne de remplacement doit \u00eatre communiqu\u00e9e \u00e0 l&rsquo;h\u00f4tel Bergfreund suffisamment t\u00f4t (avant l&rsquo;arriv\u00e9e). L&rsquo;H\u00f4te initial reste le partenaire contractuel et est responsable.<\/p>\n<p><strong>4.4 Annulation en cas de force majeure<\/strong><br \/>\nEn cas de force majeure comme des troubles politiques, des gr\u00e8ves, des catastrophes, etc., une annulation peut \u00eatre effectu\u00e9e par l&rsquo;h\u00f4tel Bergfreund pour des raisons de s\u00e9curit\u00e9, m\u00eame \u00e0 court terme. Dans de tels cas, l&rsquo;H\u00d4TELLE re\u00e7oit le remboursement du montant vers\u00e9.<\/p>\n<p><strong>4.5 Perturbations et restrictions d&rsquo;exploitation<\/strong><br \/>\nLes perturbations telles que le bruit et\/ou les restrictions d&rsquo;exploitation ne donnent droit \u00e0 aucun d\u00e9dommagement ou remboursement.<\/p>\n<p><strong>5. modifications de prix Dans les cas suivants, l&rsquo;h\u00f4tel Bergfreund peut modifier les prix annonc\u00e9s :<\/strong><\/p>\n<p>erreurs d&rsquo;impression ou d&rsquo;\u00e9criture clairement explicables<br \/>\nmodifications du taux de change (est converti selon le cours du jour de l&rsquo;h\u00f4tel Bergfreud)<br \/>\ndes taxes \u00e9tatiques nouvellement introduites ou augment\u00e9es (par ex. TVA, taxes de s\u00e9jour, etc.)<\/p>\n<p>Si les prix de la prestation r\u00e9serv\u00e9e changent apr\u00e8s la conclusion du contrat (pour une autre raison que celles mentionn\u00e9es ci-dessus), cela n&rsquo;a aucune incidence sur le contrat conclu, quelle que soit la direction prise par l&rsquo;\u00e9volution des prix.<\/p>\n<p><strong>6. obligation de d\u00e9dommagement et responsabilit\u00e9<\/strong><\/p>\n<p>L&rsquo;h\u00f4tel Bergfreund n&rsquo;est responsable des dommages qu&rsquo;en cas de dol ou de n\u00e9gligence grave. Pour les objets apport\u00e9s, la responsabilit\u00e9 est exclue dans la mesure autoris\u00e9e par la loi. Toute r\u00e9clamation doit \u00eatre adress\u00e9e par \u00e9crit \u00e0 l&rsquo;h\u00f4tel Bergfreund dans les plus brefs d\u00e9lais, au plus tard 3 jours apr\u00e8s le d\u00e9part, faute de quoi les droits seront consid\u00e9r\u00e9s comme perdus.<\/p>\n<p>CGV de l&rsquo;h\u00f4tel Bergfreund, Herbriggen, 20.08.2024<\/p>\n<p><strong>R\u00e9servateur de prestations (ci-apr\u00e8s d\u00e9nomm\u00e9 CLIENT)<\/strong><\/p>\n<p><strong>7. utilisation des chambres d&rsquo;h\u00f4tel<\/strong><\/p>\n<p>La chambre d&rsquo;h\u00f4tel doit \u00eatre utilis\u00e9e et trait\u00e9e avec le plus grand soin par l&rsquo;H\u00f4te. Elle ne peut \u00eatre utilis\u00e9e ou occup\u00e9e que par le nombre de personnes (y compris les enfants) indiqu\u00e9 dans le contrat. L&rsquo;H\u00f4te n&rsquo;est pas autoris\u00e9 \u00e0 laisser des tiers utiliser les chambres lou\u00e9es \u00e0 l&rsquo;H\u00f4tel Bergfreund.<br \/>\nL&rsquo;H\u00d4TEL est responsable des \u00e9ventuels dommages, sauf s&rsquo;il peut prouver qu&rsquo;ils ne sont pas de son fait (ou du fait de co-utilisateurs). Les dommages doivent \u00eatre signal\u00e9s imm\u00e9diatement \u00e0 l&rsquo;h\u00f4tel.<\/p>\n<p><strong>8. occupation et remise de la chambre<\/strong><\/p>\n<p>Sauf accord contraire explicite entre les parties contractantes, l&rsquo;occupation des chambres est possible au plus t\u00f4t \u00e0 partir de 14h00 le jour de l&rsquo;arriv\u00e9e et au plus tard jusqu&rsquo;\u00e0 10h30 le jour du d\u00e9part.<\/p>\n<p><strong>9. protection des donn\u00e9es<\/strong><\/p>\n<p>L&rsquo;h\u00f4tel Bergfreund s&rsquo;engage \u00e0 respecter la l\u00e9gislation en vigueur sur la protection des donn\u00e9es lors de la manipulation et du traitement de toutes les donn\u00e9es des clients ainsi que des donn\u00e9es d&rsquo;utilisation des clients. Les donn\u00e9es des clients ne sont utilis\u00e9es que pour maximiser la s\u00e9curit\u00e9 de l&rsquo;entreprise ou dans l&rsquo;int\u00e9r\u00eat de la promotion des ventes, de la conception des produits, de la pr\u00e9vention de la criminalit\u00e9, de la collecte de donn\u00e9es \u00e9conomiques de r\u00e9f\u00e9rence et de statistiques ainsi que de la facturation. L&rsquo;H\u00d4TEL reconna\u00eet et accepte par la pr\u00e9sente que, dans le cas d&rsquo;une mise \u00e0 disposition commune de prestations en collaboration avec des tiers, l&rsquo;H\u00f4tel Bergfreund est autoris\u00e9 \u00e0 rendre les donn\u00e9es clients accessibles aux tiers concern\u00e9s dans la mesure o\u00f9 cela est n\u00e9cessaire dans l&rsquo;int\u00e9r\u00eat de la fourniture des prestations. Par ailleurs, la transmission de donn\u00e9es clients \u00e0 des tiers n&rsquo;est autoris\u00e9e qu&rsquo;avec l&rsquo;accord explicite du client. Une exception s&rsquo;applique uniquement si l&rsquo;h\u00f4tel Bergfreund est l\u00e9galement tenu de transmettre des donn\u00e9es personnelles \u00e0 des tiers.<\/p>\n<p><strong>10. Droit applicable et juridiction comp\u00e9tente<\/strong><\/p>\n<p>Le droit suisse est exclusivement applicable \u00e0 tous les contrats conclus avec l&rsquo;h\u00f4tel Bergfreund en vertu des pr\u00e9sentes CGV. Le for exclusif pour tout litige \u00e9ventuel d\u00e9coulant de tels contrats est Brigue\/VS.<\/p>\n<\/div><\/section>\n<\/div><\/div><\/main><!-- close content main element --><\/div><\/div><div id='after_section_1'  class='main_color av_default_container_wrap container_wrap sidebar_right'  ><div class='container av-section-cont-open' ><div class='template-page content  av-content-small alpha units'><div class='post-entry post-entry-type-page post-entry-4222'><div class='entry-content-wrapper clearfix'>\n","protected":false},"excerpt":{"rendered":"","protected":false},"author":4,"featured_media":0,"parent":0,"menu_order":9,"comment_status":"closed","ping_status":"closed","template":"","meta":{"footnotes":""},"class_list":["post-4222","page","type-page","status-publish","hentry"],"yoast_head":"<!-- This site is optimized with the Yoast SEO plugin v27.4 - https:\/\/yoast.com\/product\/yoast-seo-wordpress\/ -->\n<title>Conditions g\u00e9n\u00e9rales - Bergfreund<\/title>\n<meta name=\"robots\" content=\"index, follow, max-snippet:-1, max-image-preview:large, max-video-preview:-1\" \/>\n<link rel=\"canonical\" href=\"https:\/\/hotel-bergfreund.ch\/fr\/conditions-generales\/\" \/>\n<meta property=\"og:locale\" content=\"fr_FR\" \/>\n<meta property=\"og:type\" content=\"article\" \/>\n<meta property=\"og:title\" content=\"Conditions g\u00e9n\u00e9rales - Bergfreund\" \/>\n<meta property=\"og:url\" content=\"https:\/\/hotel-bergfreund.ch\/fr\/conditions-generales\/\" \/>\n<meta property=\"og:site_name\" content=\"Bergfreund\" \/>\n<meta property=\"article:modified_time\" content=\"2024-09-09T13:02:42+00:00\" \/>\n<meta name=\"twitter:card\" content=\"summary_large_image\" \/>\n<meta name=\"twitter:label1\" content=\"Dur\u00e9e de lecture estim\u00e9e\" \/>\n\t<meta name=\"twitter:data1\" content=\"6 minutes\" \/>\n<script type=\"application\/ld+json\" class=\"yoast-schema-graph\">{\"@context\":\"https:\\\/\\\/schema.org\",\"@graph\":[{\"@type\":\"WebPage\",\"@id\":\"https:\\\/\\\/hotel-bergfreund.ch\\\/fr\\\/conditions-generales\\\/\",\"url\":\"https:\\\/\\\/hotel-bergfreund.ch\\\/fr\\\/conditions-generales\\\/\",\"name\":\"Conditions g\u00e9n\u00e9rales - Bergfreund\",\"isPartOf\":{\"@id\":\"https:\\\/\\\/hotel-bergfreund.ch\\\/fr\\\/#website\"},\"datePublished\":\"2023-07-14T16:30:57+00:00\",\"dateModified\":\"2024-09-09T13:02:42+00:00\",\"breadcrumb\":{\"@id\":\"https:\\\/\\\/hotel-bergfreund.ch\\\/fr\\\/conditions-generales\\\/#breadcrumb\"},\"inLanguage\":\"fr-FR\",\"potentialAction\":[{\"@type\":\"ReadAction\",\"target\":[\"https:\\\/\\\/hotel-bergfreund.ch\\\/fr\\\/conditions-generales\\\/\"]}]},{\"@type\":\"BreadcrumbList\",\"@id\":\"https:\\\/\\\/hotel-bergfreund.ch\\\/fr\\\/conditions-generales\\\/#breadcrumb\",\"itemListElement\":[{\"@type\":\"ListItem\",\"position\":1,\"name\":\"Startseite\",\"item\":\"https:\\\/\\\/hotel-bergfreund.ch\\\/fr\\\/hotel-bergfreund-herbriggen\\\/\"},{\"@type\":\"ListItem\",\"position\":2,\"name\":\"Conditions g\u00e9n\u00e9rales\"}]},{\"@type\":\"WebSite\",\"@id\":\"https:\\\/\\\/hotel-bergfreund.ch\\\/fr\\\/#website\",\"url\":\"https:\\\/\\\/hotel-bergfreund.ch\\\/fr\\\/\",\"name\":\"Hotel Restaurant Mattmarkblick in Saas-Almagell Saastal\",\"description\":\"Einmalig freundlich und famili\u00e4r\",\"publisher\":{\"@id\":\"https:\\\/\\\/hotel-bergfreund.ch\\\/fr\\\/#organization\"},\"potentialAction\":[{\"@type\":\"SearchAction\",\"target\":{\"@type\":\"EntryPoint\",\"urlTemplate\":\"https:\\\/\\\/hotel-bergfreund.ch\\\/fr\\\/?s={search_term_string}\"},\"query-input\":{\"@type\":\"PropertyValueSpecification\",\"valueRequired\":true,\"valueName\":\"search_term_string\"}}],\"inLanguage\":\"fr-FR\"},{\"@type\":\"Organization\",\"@id\":\"https:\\\/\\\/hotel-bergfreund.ch\\\/fr\\\/#organization\",\"name\":\"Hotel Bergfreund\",\"url\":\"https:\\\/\\\/hotel-bergfreund.ch\\\/fr\\\/\",\"logo\":{\"@type\":\"ImageObject\",\"inLanguage\":\"fr-FR\",\"@id\":\"https:\\\/\\\/hotel-bergfreund.ch\\\/fr\\\/#\\\/schema\\\/logo\\\/image\\\/\",\"url\":\"https:\\\/\\\/hotel-bergfreund.ch\\\/wp-content\\\/uploads\\\/schlosshotel-leuk.svg\",\"contentUrl\":\"https:\\\/\\\/hotel-bergfreund.ch\\\/wp-content\\\/uploads\\\/schlosshotel-leuk.svg\",\"width\":210,\"height\":52,\"caption\":\"Hotel Bergfreund\"},\"image\":{\"@id\":\"https:\\\/\\\/hotel-bergfreund.ch\\\/fr\\\/#\\\/schema\\\/logo\\\/image\\\/\"}}]}<\/script>\n<!-- \/ Yoast SEO plugin. -->","yoast_head_json":{"title":"Conditions g\u00e9n\u00e9rales - Bergfreund","robots":{"index":"index","follow":"follow","max-snippet":"max-snippet:-1","max-image-preview":"max-image-preview:large","max-video-preview":"max-video-preview:-1"},"canonical":"https:\/\/hotel-bergfreund.ch\/fr\/conditions-generales\/","og_locale":"fr_FR","og_type":"article","og_title":"Conditions g\u00e9n\u00e9rales - Bergfreund","og_url":"https:\/\/hotel-bergfreund.ch\/fr\/conditions-generales\/","og_site_name":"Bergfreund","article_modified_time":"2024-09-09T13:02:42+00:00","twitter_card":"summary_large_image","twitter_misc":{"Dur\u00e9e de lecture estim\u00e9e":"6 minutes"},"schema":{"@context":"https:\/\/schema.org","@graph":[{"@type":"WebPage","@id":"https:\/\/hotel-bergfreund.ch\/fr\/conditions-generales\/","url":"https:\/\/hotel-bergfreund.ch\/fr\/conditions-generales\/","name":"Conditions g\u00e9n\u00e9rales - Bergfreund","isPartOf":{"@id":"https:\/\/hotel-bergfreund.ch\/fr\/#website"},"datePublished":"2023-07-14T16:30:57+00:00","dateModified":"2024-09-09T13:02:42+00:00","breadcrumb":{"@id":"https:\/\/hotel-bergfreund.ch\/fr\/conditions-generales\/#breadcrumb"},"inLanguage":"fr-FR","potentialAction":[{"@type":"ReadAction","target":["https:\/\/hotel-bergfreund.ch\/fr\/conditions-generales\/"]}]},{"@type":"BreadcrumbList","@id":"https:\/\/hotel-bergfreund.ch\/fr\/conditions-generales\/#breadcrumb","itemListElement":[{"@type":"ListItem","position":1,"name":"Startseite","item":"https:\/\/hotel-bergfreund.ch\/fr\/hotel-bergfreund-herbriggen\/"},{"@type":"ListItem","position":2,"name":"Conditions g\u00e9n\u00e9rales"}]},{"@type":"WebSite","@id":"https:\/\/hotel-bergfreund.ch\/fr\/#website","url":"https:\/\/hotel-bergfreund.ch\/fr\/","name":"Hotel Restaurant Mattmarkblick in Saas-Almagell Saastal","description":"Einmalig freundlich und famili\u00e4r","publisher":{"@id":"https:\/\/hotel-bergfreund.ch\/fr\/#organization"},"potentialAction":[{"@type":"SearchAction","target":{"@type":"EntryPoint","urlTemplate":"https:\/\/hotel-bergfreund.ch\/fr\/?s={search_term_string}"},"query-input":{"@type":"PropertyValueSpecification","valueRequired":true,"valueName":"search_term_string"}}],"inLanguage":"fr-FR"},{"@type":"Organization","@id":"https:\/\/hotel-bergfreund.ch\/fr\/#organization","name":"Hotel Bergfreund","url":"https:\/\/hotel-bergfreund.ch\/fr\/","logo":{"@type":"ImageObject","inLanguage":"fr-FR","@id":"https:\/\/hotel-bergfreund.ch\/fr\/#\/schema\/logo\/image\/","url":"https:\/\/hotel-bergfreund.ch\/wp-content\/uploads\/schlosshotel-leuk.svg","contentUrl":"https:\/\/hotel-bergfreund.ch\/wp-content\/uploads\/schlosshotel-leuk.svg","width":210,"height":52,"caption":"Hotel Bergfreund"},"image":{"@id":"https:\/\/hotel-bergfreund.ch\/fr\/#\/schema\/logo\/image\/"}}]}},"publishpress_future_action":{"enabled":false,"date":"2026-04-27 06:45:37","action":"change-status","newStatus":"draft","terms":[],"taxonomy":"translation_priority","extraData":[]},"publishpress_future_workflow_manual_trigger":{"enabledWorkflows":[]},"_links":{"self":[{"href":"https:\/\/hotel-bergfreund.ch\/fr\/wp-json\/wp\/v2\/pages\/4222","targetHints":{"allow":["GET"]}}],"collection":[{"href":"https:\/\/hotel-bergfreund.ch\/fr\/wp-json\/wp\/v2\/pages"}],"about":[{"href":"https:\/\/hotel-bergfreund.ch\/fr\/wp-json\/wp\/v2\/types\/page"}],"author":[{"embeddable":true,"href":"https:\/\/hotel-bergfreund.ch\/fr\/wp-json\/wp\/v2\/users\/4"}],"replies":[{"embeddable":true,"href":"https:\/\/hotel-bergfreund.ch\/fr\/wp-json\/wp\/v2\/comments?post=4222"}],"version-history":[{"count":4,"href":"https:\/\/hotel-bergfreund.ch\/fr\/wp-json\/wp\/v2\/pages\/4222\/revisions"}],"predecessor-version":[{"id":4224,"href":"https:\/\/hotel-bergfreund.ch\/fr\/wp-json\/wp\/v2\/pages\/4222\/revisions\/4224"}],"wp:attachment":[{"href":"https:\/\/hotel-bergfreund.ch\/fr\/wp-json\/wp\/v2\/media?parent=4222"}],"curies":[{"name":"wp","href":"https:\/\/api.w.org\/{rel}","templated":true}]}}