{"id":4227,"date":"2023-06-21T13:48:40","date_gmt":"2023-06-21T11:48:40","guid":{"rendered":"https:\/\/hotel-bergfreund.ch\/?page_id=4227"},"modified":"2024-09-09T15:11:09","modified_gmt":"2024-09-09T13:11:09","slug":"mentions-legales","status":"publish","type":"page","link":"https:\/\/hotel-bergfreund.ch\/fr\/mentions-legales\/","title":{"rendered":"Mentions l\u00e9gales"},"content":{"rendered":"<div id='av_section_1'  class='avia-section av-w7l4-726f8c0a3901fd067c5b1de4ec65f0d6 main_color avia-section-default avia-no-border-styling  avia-builder-el-0  avia-builder-el-no-sibling  avia-bg-style-scroll container_wrap sidebar_right'  ><div class='container av-section-cont-open' ><main  role=\"main\" itemprop=\"mainContentOfPage\"  class='template-page content  av-content-small alpha units'><div class='post-entry post-entry-type-page post-entry-4227'><div class='entry-content-wrapper clearfix'>\n<section  class='av_textblock_section av-lzuvqfif-0ca7bb5447a123a5ac85c0264dfad039 '   itemscope=\"itemscope\" itemtype=\"https:\/\/schema.org\/CreativeWork\" ><div class='avia_textblock'  itemprop=\"text\" ><h1>Mentions l\u00e9gales<\/h1>\n<\/div><\/section>\n<section  class='av_textblock_section av-lk30ff6y-0cbc014d684528f5fcf94e629fcc827d '   itemscope=\"itemscope\" itemtype=\"https:\/\/schema.org\/CreativeWork\" ><div class='avia_textblock textblock-morph-responsive'  itemprop=\"text\" ><h2>Responsabilit\u00e9<\/h2>\n<p>Les informations et les liens contenus dans notre site Internet sont uniquement destin\u00e9s \u00e0 informer les visiteurs. Nous ne garantissons pas l&rsquo;exactitude et l&rsquo;exhaustivit\u00e9 du contenu des informations \u00e0 tout moment. Nous excluons toute responsabilit\u00e9 pour d&rsquo;\u00e9ventuels dommages li\u00e9s \u00e0 l&rsquo;utilisation de notre site web et des informations qu&rsquo;il contient. Nous attirons en outre express\u00e9ment l&rsquo;attention sur le fait que la simple utilisation de notre site Internet ne donne lieu \u00e0 aucune relation contractuelle entre le visiteur du site et l&rsquo;h\u00f4tel Restaurant Bergfreund.<\/p>\n<h2>Liens et hyperliens<\/h2>\n<p>Les renvois et liens vers des sites web de tiers ne rel\u00e8vent pas de notre responsabilit\u00e9. L&rsquo;acc\u00e8s \u00e0 de tels sites et leur utilisation se font aux risques et p\u00e9rils de l&rsquo;utilisateur ou de l&rsquo;utilisatrice. Nous d\u00e9clarons express\u00e9ment que nous n&rsquo;avons aucune influence sur la forme, le contenu et les offres des sites auxquels nous renvoyons. Les informations et prestations de services des sites web li\u00e9s rel\u00e8vent enti\u00e8rement de la responsabilit\u00e9 du tiers concern\u00e9. Nous d\u00e9clinons toute responsabilit\u00e9 pour de tels sites web.<\/p>\n<h2>Protection des donn\u00e9es<\/h2>\n<p>Lors de l&rsquo;acc\u00e8s \u00e0 nos pages web, les donn\u00e9es suivantes sont enregistr\u00e9es dans des fichiers journaux : Adresse IP, date, heure, demande de navigateur et informations g\u00e9n\u00e9rales sur le syst\u00e8me d&rsquo;exploitation ou le navigateur utilis\u00e9.<\/p>\n<p>En cas de prise de contact volontaire, votre adresse e-mail est enregistr\u00e9e dans une base de donn\u00e9es s\u00e9par\u00e9e, qui n&rsquo;est pas reli\u00e9e aux fichiers journaux anonymes. Vous avez \u00e0 tout moment la possibilit\u00e9 d&rsquo;annuler votre inscription.<\/p>\n<p>En \u00e9troite collaboration avec nos fournisseurs d&rsquo;h\u00e9bergement et exploitants de bases de donn\u00e9es, nous nous effor\u00e7ons de prot\u00e9ger autant que possible les bases de donn\u00e9es contre les acc\u00e8s \u00e9trangers, les pertes, les abus ou les falsifications.<\/p>\n<p>Les donn\u00e9es personnelles qui nous sont transmises ou que nous collectons sont trait\u00e9es de mani\u00e8re strictement confidentielle et ne sont ni vendues ni transmises \u00e0 des tiers.<\/p>\n<p>Conform\u00e9ment \u00e0 la loi f\u00e9d\u00e9rale sur la surveillance de la correspondance par poste et t\u00e9l\u00e9communication (LSCPT), il existe une obligation l\u00e9gale de conserver les donn\u00e9es de connexion des six derniers mois.<\/p>\n<p>Pour plus d&rsquo;informations, veuillez consulter notre d\u00e9claration de protection des donn\u00e9es.<\/p>\n<h2>Copyright<\/h2>\n<p>Les informations contenues dans les diff\u00e9rentes pages web sont mises \u00e0 la disposition du public. Le t\u00e9l\u00e9chargement ou la copie de contenus, d&rsquo;images, de photos ou d&rsquo;autres fichiers ne conf\u00e8re aucun droit sur les contenus.<\/p>\n<p>Les droits d&rsquo;auteur et tous les autres droits li\u00e9s aux contenus, images, photos ou autres fichiers figurant sur notre site Internet nous appartiennent exclusivement ou aux titulaires de droits sp\u00e9cialement cit\u00e9s. Certaines pages web peuvent \u00e9galement contenir des images et des textes soumis au copyright de tiers. Pour la reproduction de tout \u00e9l\u00e9ment, l&rsquo;accord \u00e9crit des d\u00e9tenteurs des droits d&rsquo;auteur doit \u00eatre obtenu au pr\u00e9alable.<\/p>\n<p>Sauf indication contraire, toutes les marques figurant sur ce site sont prot\u00e9g\u00e9es par le droit des marques. Cela vaut en particulier pour notre nom de marque, le logo de l&rsquo;entreprise et tous les embl\u00e8mes. Toutes les utilisations sont r\u00e9serv\u00e9es.<\/p>\n<p>Toute violation \u00e9ventuelle des droits d&rsquo;auteur de tiers est involontaire. Si vous deviez en constater une, nous vous prions de nous en informer imm\u00e9diatement. Merci.<\/p>\n<\/div><\/section>\n<\/div><\/div><\/main><!-- close content main element --><\/div><\/div><div id='after_section_1'  class='main_color av_default_container_wrap container_wrap sidebar_right'  ><div class='container av-section-cont-open' ><div class='template-page content  av-content-small alpha units'><div class='post-entry post-entry-type-page post-entry-4227'><div class='entry-content-wrapper clearfix'>\n","protected":false},"excerpt":{"rendered":"","protected":false},"author":4,"featured_media":0,"parent":0,"menu_order":10,"comment_status":"closed","ping_status":"closed","template":"","meta":{"footnotes":""},"class_list":["post-4227","page","type-page","status-publish","hentry"],"yoast_head":"<!-- This site is optimized with the Yoast SEO plugin v27.4 - https:\/\/yoast.com\/product\/yoast-seo-wordpress\/ -->\n<title>Mentions l\u00e9gales - Bergfreund<\/title>\n<meta name=\"robots\" content=\"index, follow, max-snippet:-1, max-image-preview:large, max-video-preview:-1\" \/>\n<link rel=\"canonical\" href=\"https:\/\/hotel-bergfreund.ch\/fr\/mentions-legales\/\" \/>\n<meta property=\"og:locale\" content=\"fr_FR\" \/>\n<meta property=\"og:type\" content=\"article\" \/>\n<meta property=\"og:title\" content=\"Mentions l\u00e9gales - Bergfreund\" \/>\n<meta property=\"og:url\" content=\"https:\/\/hotel-bergfreund.ch\/fr\/mentions-legales\/\" \/>\n<meta property=\"og:site_name\" content=\"Bergfreund\" \/>\n<meta property=\"article:modified_time\" content=\"2024-09-09T13:11:09+00:00\" \/>\n<meta name=\"twitter:card\" content=\"summary_large_image\" \/>\n<meta name=\"twitter:label1\" content=\"Dur\u00e9e de lecture estim\u00e9e\" \/>\n\t<meta name=\"twitter:data1\" content=\"3 minutes\" \/>\n<script type=\"application\/ld+json\" class=\"yoast-schema-graph\">{\"@context\":\"https:\\\/\\\/schema.org\",\"@graph\":[{\"@type\":\"WebPage\",\"@id\":\"https:\\\/\\\/hotel-bergfreund.ch\\\/fr\\\/mentions-legales\\\/\",\"url\":\"https:\\\/\\\/hotel-bergfreund.ch\\\/fr\\\/mentions-legales\\\/\",\"name\":\"Mentions l\u00e9gales - Bergfreund\",\"isPartOf\":{\"@id\":\"https:\\\/\\\/hotel-bergfreund.ch\\\/fr\\\/#website\"},\"datePublished\":\"2023-06-21T11:48:40+00:00\",\"dateModified\":\"2024-09-09T13:11:09+00:00\",\"breadcrumb\":{\"@id\":\"https:\\\/\\\/hotel-bergfreund.ch\\\/fr\\\/mentions-legales\\\/#breadcrumb\"},\"inLanguage\":\"fr-FR\",\"potentialAction\":[{\"@type\":\"ReadAction\",\"target\":[\"https:\\\/\\\/hotel-bergfreund.ch\\\/fr\\\/mentions-legales\\\/\"]}]},{\"@type\":\"BreadcrumbList\",\"@id\":\"https:\\\/\\\/hotel-bergfreund.ch\\\/fr\\\/mentions-legales\\\/#breadcrumb\",\"itemListElement\":[{\"@type\":\"ListItem\",\"position\":1,\"name\":\"Startseite\",\"item\":\"https:\\\/\\\/hotel-bergfreund.ch\\\/fr\\\/hotel-bergfreund-herbriggen\\\/\"},{\"@type\":\"ListItem\",\"position\":2,\"name\":\"Mentions l\u00e9gales\"}]},{\"@type\":\"WebSite\",\"@id\":\"https:\\\/\\\/hotel-bergfreund.ch\\\/fr\\\/#website\",\"url\":\"https:\\\/\\\/hotel-bergfreund.ch\\\/fr\\\/\",\"name\":\"Hotel Restaurant Mattmarkblick in Saas-Almagell Saastal\",\"description\":\"Einmalig freundlich und famili\u00e4r\",\"publisher\":{\"@id\":\"https:\\\/\\\/hotel-bergfreund.ch\\\/fr\\\/#organization\"},\"potentialAction\":[{\"@type\":\"SearchAction\",\"target\":{\"@type\":\"EntryPoint\",\"urlTemplate\":\"https:\\\/\\\/hotel-bergfreund.ch\\\/fr\\\/?s={search_term_string}\"},\"query-input\":{\"@type\":\"PropertyValueSpecification\",\"valueRequired\":true,\"valueName\":\"search_term_string\"}}],\"inLanguage\":\"fr-FR\"},{\"@type\":\"Organization\",\"@id\":\"https:\\\/\\\/hotel-bergfreund.ch\\\/fr\\\/#organization\",\"name\":\"Hotel Bergfreund\",\"url\":\"https:\\\/\\\/hotel-bergfreund.ch\\\/fr\\\/\",\"logo\":{\"@type\":\"ImageObject\",\"inLanguage\":\"fr-FR\",\"@id\":\"https:\\\/\\\/hotel-bergfreund.ch\\\/fr\\\/#\\\/schema\\\/logo\\\/image\\\/\",\"url\":\"https:\\\/\\\/hotel-bergfreund.ch\\\/wp-content\\\/uploads\\\/schlosshotel-leuk.svg\",\"contentUrl\":\"https:\\\/\\\/hotel-bergfreund.ch\\\/wp-content\\\/uploads\\\/schlosshotel-leuk.svg\",\"width\":210,\"height\":52,\"caption\":\"Hotel Bergfreund\"},\"image\":{\"@id\":\"https:\\\/\\\/hotel-bergfreund.ch\\\/fr\\\/#\\\/schema\\\/logo\\\/image\\\/\"}}]}<\/script>\n<!-- \/ Yoast SEO plugin. -->","yoast_head_json":{"title":"Mentions l\u00e9gales - Bergfreund","robots":{"index":"index","follow":"follow","max-snippet":"max-snippet:-1","max-image-preview":"max-image-preview:large","max-video-preview":"max-video-preview:-1"},"canonical":"https:\/\/hotel-bergfreund.ch\/fr\/mentions-legales\/","og_locale":"fr_FR","og_type":"article","og_title":"Mentions l\u00e9gales - Bergfreund","og_url":"https:\/\/hotel-bergfreund.ch\/fr\/mentions-legales\/","og_site_name":"Bergfreund","article_modified_time":"2024-09-09T13:11:09+00:00","twitter_card":"summary_large_image","twitter_misc":{"Dur\u00e9e de lecture estim\u00e9e":"3 minutes"},"schema":{"@context":"https:\/\/schema.org","@graph":[{"@type":"WebPage","@id":"https:\/\/hotel-bergfreund.ch\/fr\/mentions-legales\/","url":"https:\/\/hotel-bergfreund.ch\/fr\/mentions-legales\/","name":"Mentions l\u00e9gales - Bergfreund","isPartOf":{"@id":"https:\/\/hotel-bergfreund.ch\/fr\/#website"},"datePublished":"2023-06-21T11:48:40+00:00","dateModified":"2024-09-09T13:11:09+00:00","breadcrumb":{"@id":"https:\/\/hotel-bergfreund.ch\/fr\/mentions-legales\/#breadcrumb"},"inLanguage":"fr-FR","potentialAction":[{"@type":"ReadAction","target":["https:\/\/hotel-bergfreund.ch\/fr\/mentions-legales\/"]}]},{"@type":"BreadcrumbList","@id":"https:\/\/hotel-bergfreund.ch\/fr\/mentions-legales\/#breadcrumb","itemListElement":[{"@type":"ListItem","position":1,"name":"Startseite","item":"https:\/\/hotel-bergfreund.ch\/fr\/hotel-bergfreund-herbriggen\/"},{"@type":"ListItem","position":2,"name":"Mentions l\u00e9gales"}]},{"@type":"WebSite","@id":"https:\/\/hotel-bergfreund.ch\/fr\/#website","url":"https:\/\/hotel-bergfreund.ch\/fr\/","name":"Hotel Restaurant Mattmarkblick in Saas-Almagell Saastal","description":"Einmalig freundlich und famili\u00e4r","publisher":{"@id":"https:\/\/hotel-bergfreund.ch\/fr\/#organization"},"potentialAction":[{"@type":"SearchAction","target":{"@type":"EntryPoint","urlTemplate":"https:\/\/hotel-bergfreund.ch\/fr\/?s={search_term_string}"},"query-input":{"@type":"PropertyValueSpecification","valueRequired":true,"valueName":"search_term_string"}}],"inLanguage":"fr-FR"},{"@type":"Organization","@id":"https:\/\/hotel-bergfreund.ch\/fr\/#organization","name":"Hotel Bergfreund","url":"https:\/\/hotel-bergfreund.ch\/fr\/","logo":{"@type":"ImageObject","inLanguage":"fr-FR","@id":"https:\/\/hotel-bergfreund.ch\/fr\/#\/schema\/logo\/image\/","url":"https:\/\/hotel-bergfreund.ch\/wp-content\/uploads\/schlosshotel-leuk.svg","contentUrl":"https:\/\/hotel-bergfreund.ch\/wp-content\/uploads\/schlosshotel-leuk.svg","width":210,"height":52,"caption":"Hotel Bergfreund"},"image":{"@id":"https:\/\/hotel-bergfreund.ch\/fr\/#\/schema\/logo\/image\/"}}]}},"publishpress_future_action":{"enabled":false,"date":"2026-04-27 06:44:39","action":"change-status","newStatus":"draft","terms":[],"taxonomy":"translation_priority","extraData":[]},"publishpress_future_workflow_manual_trigger":{"enabledWorkflows":[]},"_links":{"self":[{"href":"https:\/\/hotel-bergfreund.ch\/fr\/wp-json\/wp\/v2\/pages\/4227","targetHints":{"allow":["GET"]}}],"collection":[{"href":"https:\/\/hotel-bergfreund.ch\/fr\/wp-json\/wp\/v2\/pages"}],"about":[{"href":"https:\/\/hotel-bergfreund.ch\/fr\/wp-json\/wp\/v2\/types\/page"}],"author":[{"embeddable":true,"href":"https:\/\/hotel-bergfreund.ch\/fr\/wp-json\/wp\/v2\/users\/4"}],"replies":[{"embeddable":true,"href":"https:\/\/hotel-bergfreund.ch\/fr\/wp-json\/wp\/v2\/comments?post=4227"}],"version-history":[{"count":3,"href":"https:\/\/hotel-bergfreund.ch\/fr\/wp-json\/wp\/v2\/pages\/4227\/revisions"}],"predecessor-version":[{"id":4229,"href":"https:\/\/hotel-bergfreund.ch\/fr\/wp-json\/wp\/v2\/pages\/4227\/revisions\/4229"}],"wp:attachment":[{"href":"https:\/\/hotel-bergfreund.ch\/fr\/wp-json\/wp\/v2\/media?parent=4227"}],"curies":[{"name":"wp","href":"https:\/\/api.w.org\/{rel}","templated":true}]}}