{"id":4231,"date":"2023-06-21T13:55:19","date_gmt":"2023-06-21T11:55:19","guid":{"rendered":"https:\/\/hotel-bergfreund.ch\/?page_id=4231"},"modified":"2024-09-09T15:19:35","modified_gmt":"2024-09-09T13:19:35","slug":"declaration-de-confidentialite","status":"publish","type":"page","link":"https:\/\/hotel-bergfreund.ch\/fr\/declaration-de-confidentialite\/","title":{"rendered":"D\u00e9claration de confidentialit\u00e9"},"content":{"rendered":"<div id='av_section_1'  class='avia-section av-13a2s-c2baead5fece69ebc7f1f0ecea832347 main_color avia-section-default avia-no-border-styling  avia-builder-el-0  avia-builder-el-no-sibling  avia-bg-style-scroll container_wrap sidebar_right'  ><div class='container av-section-cont-open' ><main  role=\"main\" itemprop=\"mainContentOfPage\"  class='template-page content  av-content-small alpha units'><div class='post-entry post-entry-type-page post-entry-4231'><div class='entry-content-wrapper clearfix'>\n\n<style type=\"text\/css\" data-created_by=\"avia_inline_auto\" id=\"style-css-av-lq6swcm4-ca553dc7ffe7f2192eb6b8dca339a044\">\n#top .av-special-heading.av-lq6swcm4-ca553dc7ffe7f2192eb6b8dca339a044{\npadding-bottom:10px;\n}\nbody .av-special-heading.av-lq6swcm4-ca553dc7ffe7f2192eb6b8dca339a044 .av-special-heading-tag .heading-char{\nfont-size:25px;\n}\n.av-special-heading.av-lq6swcm4-ca553dc7ffe7f2192eb6b8dca339a044 .av-subheading{\nfont-size:15px;\n}\n<\/style>\n<div  class='av-special-heading av-lq6swcm4-ca553dc7ffe7f2192eb6b8dca339a044 av-special-heading-h1  avia-builder-el-1  el_before_av_three_fourth  avia-builder-el-first '><h1 class='av-special-heading-tag '  itemprop=\"headline\"  > D\u00e9claration de confidentialit\u00e9<\/h1><div class=\"special-heading-border\"><div class=\"special-heading-inner-border\"><\/div><\/div><\/div>\n<div  class='flex_column av-7lp9i-8fd10164c937144e0c00af994a5eaee1 av_three_fourth  avia-builder-el-2  el_after_av_heading  avia-builder-el-last  first flex_column_div  '     ><section  class='av_textblock_section av-lzuvdmg8-0343f4f285e044d7b5ef8c5b8d827ed4 '   itemscope=\"itemscope\" itemtype=\"https:\/\/schema.org\/CreativeWork\" ><div class='avia_textblock'  itemprop=\"text\" ><p><strong>Informations sur la collecte de donn\u00e9es \u00e0 caract\u00e8re personnel<\/strong><\/p>\n<p><strong>1. domaine d&rsquo;application<\/strong><\/p>\n<p>La pr\u00e9sente d\u00e9claration s&rsquo;applique aux pages Internet consultables \u00e0 l&rsquo;adresse https:\/\/hotel-bergfreund.ch. Veuillez noter que hotel-bergfreund.ch peut renvoyer \u00e0 d&rsquo;autres sites Internet pour lesquels des r\u00e8gles de protection des donn\u00e9es diff\u00e9rentes peuvent s&rsquo;appliquer.<\/p>\n<p><strong>2. responsable<\/strong><\/p>\n<p>Famille Daniela et Remo Almendinger<br \/>\nCH-3927 Herbriggen VS<br \/>\n+41 27 955 23 23<br \/>\ninfo@hotel-bergfreund.ch<\/p>\n<p><strong>3. effacement et dur\u00e9e de conservation<\/strong><\/p>\n<p>Les donn\u00e9es \u00e0 caract\u00e8re personnel de la personne concern\u00e9e sont effac\u00e9es ou bloqu\u00e9es d\u00e8s que la finalit\u00e9 du stockage n&rsquo;a plus lieu d&rsquo;\u00eatre. Un stockage peut avoir lieu au-del\u00e0 si cela est pr\u00e9vu par la loi. Les donn\u00e9es sont \u00e9galement bloqu\u00e9es ou effac\u00e9es lorsqu&rsquo;une p\u00e9riode de stockage prescrite par la loi arrive \u00e0 \u00e9ch\u00e9ance, \u00e0 moins qu&rsquo;il ne soit n\u00e9cessaire de continuer \u00e0 stocker les donn\u00e9es pour conclure ou ex\u00e9cuter un contrat.<\/p>\n<p><strong>4. recours \u00e0 des prestataires de services et utilisation de donn\u00e9es personnelles \u00e0 des fins publicitaires<\/strong><\/p>\n<p>Si nous faisons appel \u00e0 des prestataires de services mandat\u00e9s pour certaines fonctions de notre offre ou si nous souhaitons utiliser vos donn\u00e9es \u00e0 des fins publicitaires, nous vous informerons ci-dessous en d\u00e9tail des processus concern\u00e9s. Ce faisant, nous mentionnons \u00e9galement les crit\u00e8res fix\u00e9s pour la dur\u00e9e de stockage.<\/p>\n<p><strong>Traitement des donn\u00e9es<\/strong><\/p>\n<p><strong>1) Traitement g\u00e9n\u00e9ral des donn\u00e9es lors de la visite de notre site web<\/strong><\/p>\n<p>Lors de la simple utilisation informative du site web, c&rsquo;est-\u00e0-dire lorsque vous ne nous transmettez pas d&rsquo;informations d&rsquo;une autre mani\u00e8re, nous ne collectons que les donn\u00e9es \u00e0 caract\u00e8re personnel que votre navigateur transmet \u00e0 notre serveur. Lors de l&rsquo;enregistrement de ces donn\u00e9es, aucune attribution \u00e0 une personne d\u00e9termin\u00e9e n&rsquo;a lieu. Lorsque vous consultez notre site web, nous collectons les donn\u00e9es suivantes, qui nous sont techniquement n\u00e9cessaires pour vous pr\u00e9senter notre site web et en garantir la stabilit\u00e9 et la s\u00e9curit\u00e9 :<\/p>\n<p>adresse IP<br \/>\ndate et heure de la demande<br \/>\nDiff\u00e9rence de fuseau horaire par rapport \u00e0 l&rsquo;heure du m\u00e9ridien de Greenwich (GMT)<br \/>\nContenu de la demande (page concr\u00e8te)<br \/>\nStatut d&rsquo;acc\u00e8s\/code de statut http<br \/>\nQuantit\u00e9 de donn\u00e9es transmises \u00e0 chaque fois<br \/>\nSite web d&rsquo;o\u00f9 provient la demande<br \/>\nNavigateur (y compris langue et version)<br \/>\nSyst\u00e8me d&rsquo;exploitation et version du logiciel de navigation<\/p>\n<p><strong>2. contact par e-mail<\/strong><\/p>\n<p>Lorsque vous nous contactez par e-mail, nous enregistrons les donn\u00e9es que vous nous communiquez (votre adresse e-mail, le cas \u00e9ch\u00e9ant votre nom et votre num\u00e9ro de t\u00e9l\u00e9phone) afin de convenir d&rsquo;un rendez-vous ou de r\u00e9pondre \u00e0 vos questions. Nous supprimons les donn\u00e9es g\u00e9n\u00e9r\u00e9es dans ce contexte apr\u00e8s que leur stockage n&rsquo;est plus n\u00e9cessaire ou limitons leur traitement en cas d&rsquo;obligations l\u00e9gales de conservation.www.oberwalliser-bauern.ch<\/p>\n<p><strong>3. cookies<\/strong><\/p>\n<p>En plus des donn\u00e9es mentionn\u00e9es ci-dessus, des cookies sont enregistr\u00e9s sur votre ordinateur lorsque vous utilisez nos sites web. Les cookies sont de petits fichiers texte qui sont enregistr\u00e9s sur votre disque dur en fonction du navigateur que vous utilisez et qui permettent \u00e0 l&rsquo;organisme qui place le cookie (ici, nous) de recevoir certaines informations. Les cookies ne peuvent pas ex\u00e9cuter de programmes ni transmettre de virus \u00e0 votre ordinateur. Ils servent \u00e0 rendre l&rsquo;offre Internet globalement plus conviviale et plus efficace.<\/p>\n<p>Notre site Internet utilise les types de cookies suivants, dont l&rsquo;\u00e9tendue et le fonctionnement sont expliqu\u00e9s ci-apr\u00e8s :<\/p>\n<p>-cookies transitoires (voir ci-dessous 3.1)<\/p>\n<p>-cookies persistants (voir ci-dessous 3.2).<\/p>\n<p><strong>3.1 Cookies transitoires<\/strong><\/p>\n<p>Les cookies transitoires sont automatiquement supprim\u00e9s lorsque vous fermez le navigateur. Il s&rsquo;agit notamment des cookies de session. Ceux-ci enregistrent ce que l&rsquo;on appelle un ID de session, qui permet d&rsquo;attribuer diff\u00e9rentes demandes de votre navigateur \u00e0 la session commune. Votre ordinateur peut ainsi \u00eatre reconnu lorsque vous revenez sur notre site. Les cookies de session sont supprim\u00e9s lorsque vous vous d\u00e9connectez ou que vous fermez votre navigateur.<\/p>\n<p><strong>3.2 Cookies persistants<\/strong><\/p>\n<p>Les cookies persistants sont supprim\u00e9s automatiquement apr\u00e8s une dur\u00e9e pr\u00e9d\u00e9finie, qui peut varier selon le cookie. Vous pouvez supprimer les cookies \u00e0 tout moment dans les param\u00e8tres de s\u00e9curit\u00e9 de votre navigateur.<\/p>\n<p><strong>3.3 Param\u00e9trage des cookies<\/strong><\/p>\n<p>Vous pouvez configurer les param\u00e8tres de votre navigateur selon vos pr\u00e9f\u00e9rences et, par exemple, refuser les cookies tiers ou tous les cookies. Nous attirons votre attention sur le fait que vous ne pourrez peut-\u00eatre pas utiliser toutes les fonctions de ce site web.<\/p>\n<p><strong>4. Google-Analytics<\/strong><\/p>\n<p>Ce site web utilise Google Analytics, un service d&rsquo;analyse web de Google Inc. dont le si\u00e8ge est situ\u00e9 au 1600 Amphitheatre Parkway, Mountain View, CA 94043, USA.<\/p>\n<p>En utilisant ces liens, des informations sont transmises \u00e0 un serveur de Google. En utilisant ce site web, vous acceptez le traitement par Google des donn\u00e9es collect\u00e9es \u00e0 votre sujet.<\/p>\n<p>Pour plus d&rsquo;informations sur le traitement des donn\u00e9es des utilisateurs, veuillez consulter la politique de <a href=\"https:\/\/www.google.de\/intl\/de\/policies\/privacy\/\" target=\"_blank\" rel=\"noopener\">confidentialit\u00e9 de Google.<\/a><\/p>\n<p><strong>5. polices Google<\/strong><\/p>\n<p>Ce site utilise Google Fonts, un service de Google Inc. 1600 Amphitheatre Parkway, Mountain View, CA 94043, \u00c9tats-Unis.<\/p>\n<p>En utilisant ces liens, des informations sont transmises \u00e0 un serveur de Google. En utilisant ce site web, vous acceptez le traitement par Google des donn\u00e9es collect\u00e9es \u00e0 votre sujet.<\/p>\n<p>Pour plus d&rsquo;informations sur le traitement des donn\u00e9es des utilisateurs, veuillez consulter<a href=\"https:\/\/www.google.de\/intl\/de\/policies\/privacy\/\" target=\"_blank\" rel=\"noopener\"> les r\u00e8gles de confidentialit\u00e9 de Google.<\/a><\/p>\n<p><strong>5. Google-Fonts<\/strong><\/p>\n<p>Ce site utilise Google Fonts, un service de Google Inc. 1600 Amphitheatre Parkway, Mountain View, CA 94043, \u00c9tats-Unis.<\/p>\n<p>En utilisant ces liens, des informations sont transmises \u00e0 un serveur de Google. En utilisant ce site web, vous acceptez le traitement par Google des donn\u00e9es collect\u00e9es \u00e0 votre sujet.<\/p>\n<p>Pour plus d&rsquo;informations sur le traitement des donn\u00e9es des utilisateurs, veuillez consulter <a href=\"https:\/\/www.google.de\/intl\/de\/policies\/privacy\/\" target=\"_blank\" rel=\"noopener\">les r\u00e8gles de confidentialit\u00e9 de Google.<\/a><\/p>\n<p><strong>6. Casablanca Hotelsoftware GmbH<\/strong><\/p>\n<p>Ce site web utilise casablanca, un service de Casablanca Hotelsoftware GmbH.<\/p>\n<p>L&rsquo;utilisation de casablanca entra\u00eene la transmission d&rsquo;informations \u00e0 un serveur de casablanca. En utilisant ce site web, vous acceptez le traitement de vos donn\u00e9es par Casablanca.<\/p>\n<p>Pour plus d&rsquo;informations sur le traitement des donn\u00e9es des utilisateurs, veuillez consulter<a href=\"https:\/\/www.casablanca.at\/datenschutzerklaerung\/\" target=\"_blank\" rel=\"noopener\"> la d\u00e9claration de protection des donn\u00e9es de Casablanca.<\/a><\/p>\n<p><strong>vos droits<\/strong><\/p>\n<p>Vous avez le droit de r\u00e9voquer \u00e0 tout moment votre consentement \u00e0 l&rsquo;utilisation de vos donn\u00e9es personnelles et d&rsquo;obtenir des informations sur toutes vos donn\u00e9es personnelles enregistr\u00e9es chez nous, de les v\u00e9rifier et, le cas \u00e9ch\u00e9ant, de les faire corriger, bloquer ou supprimer. Pour ce faire, adressez-vous au service responsable (voir coordonn\u00e9es ci-dessus).<\/p>\n<p>Une suppression ne peut avoir lieu que si nous sommes l\u00e9galement tenus de conserver vos donn\u00e9es personnelles. Dans ce cas, les donn\u00e9es sont bloqu\u00e9es.<\/p>\n<p><strong>R\u00e9serve de modification<\/strong><\/p>\n<p>Nous nous r\u00e9servons le droit de modifier la pr\u00e9sente d\u00e9claration \u00e0 tout moment. Elle ne conf\u00e8re aucun droit contractuel.<\/p>\n<p>Mise \u00e0 jour : ao\u00fbt 2024<\/p>\n<\/div><\/section><\/div><\/div><\/div><\/main><!-- close content main element --><\/div><\/div><div id='after_section_1'  class='main_color av_default_container_wrap container_wrap sidebar_right'  ><div class='container av-section-cont-open' ><div class='template-page content  av-content-small alpha units'><div class='post-entry post-entry-type-page post-entry-4231'><div class='entry-content-wrapper clearfix'>\n","protected":false},"excerpt":{"rendered":"","protected":false},"author":4,"featured_media":0,"parent":0,"menu_order":20,"comment_status":"closed","ping_status":"closed","template":"","meta":{"footnotes":""},"class_list":["post-4231","page","type-page","status-publish","hentry"],"yoast_head":"<!-- This site is optimized with the Yoast SEO plugin v27.4 - https:\/\/yoast.com\/product\/yoast-seo-wordpress\/ -->\n<title>D\u00e9claration de confidentialit\u00e9 - Bergfreund<\/title>\n<meta name=\"robots\" content=\"index, follow, max-snippet:-1, max-image-preview:large, max-video-preview:-1\" \/>\n<link rel=\"canonical\" href=\"https:\/\/hotel-bergfreund.ch\/fr\/declaration-de-confidentialite\/\" \/>\n<meta property=\"og:locale\" content=\"fr_FR\" \/>\n<meta property=\"og:type\" content=\"article\" \/>\n<meta property=\"og:title\" content=\"D\u00e9claration de confidentialit\u00e9 - Bergfreund\" \/>\n<meta property=\"og:url\" content=\"https:\/\/hotel-bergfreund.ch\/fr\/declaration-de-confidentialite\/\" \/>\n<meta property=\"og:site_name\" content=\"Bergfreund\" \/>\n<meta property=\"article:modified_time\" content=\"2024-09-09T13:19:35+00:00\" \/>\n<meta name=\"twitter:card\" content=\"summary_large_image\" \/>\n<meta name=\"twitter:label1\" content=\"Dur\u00e9e de lecture estim\u00e9e\" \/>\n\t<meta name=\"twitter:data1\" content=\"5 minutes\" \/>\n<script type=\"application\/ld+json\" class=\"yoast-schema-graph\">{\"@context\":\"https:\\\/\\\/schema.org\",\"@graph\":[{\"@type\":\"WebPage\",\"@id\":\"https:\\\/\\\/hotel-bergfreund.ch\\\/fr\\\/declaration-de-confidentialite\\\/\",\"url\":\"https:\\\/\\\/hotel-bergfreund.ch\\\/fr\\\/declaration-de-confidentialite\\\/\",\"name\":\"D\u00e9claration de confidentialit\u00e9 - Bergfreund\",\"isPartOf\":{\"@id\":\"https:\\\/\\\/hotel-bergfreund.ch\\\/fr\\\/#website\"},\"datePublished\":\"2023-06-21T11:55:19+00:00\",\"dateModified\":\"2024-09-09T13:19:35+00:00\",\"breadcrumb\":{\"@id\":\"https:\\\/\\\/hotel-bergfreund.ch\\\/fr\\\/declaration-de-confidentialite\\\/#breadcrumb\"},\"inLanguage\":\"fr-FR\",\"potentialAction\":[{\"@type\":\"ReadAction\",\"target\":[\"https:\\\/\\\/hotel-bergfreund.ch\\\/fr\\\/declaration-de-confidentialite\\\/\"]}]},{\"@type\":\"BreadcrumbList\",\"@id\":\"https:\\\/\\\/hotel-bergfreund.ch\\\/fr\\\/declaration-de-confidentialite\\\/#breadcrumb\",\"itemListElement\":[{\"@type\":\"ListItem\",\"position\":1,\"name\":\"Startseite\",\"item\":\"https:\\\/\\\/hotel-bergfreund.ch\\\/fr\\\/hotel-bergfreund-herbriggen\\\/\"},{\"@type\":\"ListItem\",\"position\":2,\"name\":\"D\u00e9claration de confidentialit\u00e9\"}]},{\"@type\":\"WebSite\",\"@id\":\"https:\\\/\\\/hotel-bergfreund.ch\\\/fr\\\/#website\",\"url\":\"https:\\\/\\\/hotel-bergfreund.ch\\\/fr\\\/\",\"name\":\"Hotel Restaurant Mattmarkblick in Saas-Almagell Saastal\",\"description\":\"Einmalig freundlich und famili\u00e4r\",\"publisher\":{\"@id\":\"https:\\\/\\\/hotel-bergfreund.ch\\\/fr\\\/#organization\"},\"potentialAction\":[{\"@type\":\"SearchAction\",\"target\":{\"@type\":\"EntryPoint\",\"urlTemplate\":\"https:\\\/\\\/hotel-bergfreund.ch\\\/fr\\\/?s={search_term_string}\"},\"query-input\":{\"@type\":\"PropertyValueSpecification\",\"valueRequired\":true,\"valueName\":\"search_term_string\"}}],\"inLanguage\":\"fr-FR\"},{\"@type\":\"Organization\",\"@id\":\"https:\\\/\\\/hotel-bergfreund.ch\\\/fr\\\/#organization\",\"name\":\"Hotel Bergfreund\",\"url\":\"https:\\\/\\\/hotel-bergfreund.ch\\\/fr\\\/\",\"logo\":{\"@type\":\"ImageObject\",\"inLanguage\":\"fr-FR\",\"@id\":\"https:\\\/\\\/hotel-bergfreund.ch\\\/fr\\\/#\\\/schema\\\/logo\\\/image\\\/\",\"url\":\"https:\\\/\\\/hotel-bergfreund.ch\\\/wp-content\\\/uploads\\\/schlosshotel-leuk.svg\",\"contentUrl\":\"https:\\\/\\\/hotel-bergfreund.ch\\\/wp-content\\\/uploads\\\/schlosshotel-leuk.svg\",\"width\":210,\"height\":52,\"caption\":\"Hotel Bergfreund\"},\"image\":{\"@id\":\"https:\\\/\\\/hotel-bergfreund.ch\\\/fr\\\/#\\\/schema\\\/logo\\\/image\\\/\"}}]}<\/script>\n<!-- \/ Yoast SEO plugin. -->","yoast_head_json":{"title":"D\u00e9claration de confidentialit\u00e9 - Bergfreund","robots":{"index":"index","follow":"follow","max-snippet":"max-snippet:-1","max-image-preview":"max-image-preview:large","max-video-preview":"max-video-preview:-1"},"canonical":"https:\/\/hotel-bergfreund.ch\/fr\/declaration-de-confidentialite\/","og_locale":"fr_FR","og_type":"article","og_title":"D\u00e9claration de confidentialit\u00e9 - Bergfreund","og_url":"https:\/\/hotel-bergfreund.ch\/fr\/declaration-de-confidentialite\/","og_site_name":"Bergfreund","article_modified_time":"2024-09-09T13:19:35+00:00","twitter_card":"summary_large_image","twitter_misc":{"Dur\u00e9e de lecture estim\u00e9e":"5 minutes"},"schema":{"@context":"https:\/\/schema.org","@graph":[{"@type":"WebPage","@id":"https:\/\/hotel-bergfreund.ch\/fr\/declaration-de-confidentialite\/","url":"https:\/\/hotel-bergfreund.ch\/fr\/declaration-de-confidentialite\/","name":"D\u00e9claration de confidentialit\u00e9 - Bergfreund","isPartOf":{"@id":"https:\/\/hotel-bergfreund.ch\/fr\/#website"},"datePublished":"2023-06-21T11:55:19+00:00","dateModified":"2024-09-09T13:19:35+00:00","breadcrumb":{"@id":"https:\/\/hotel-bergfreund.ch\/fr\/declaration-de-confidentialite\/#breadcrumb"},"inLanguage":"fr-FR","potentialAction":[{"@type":"ReadAction","target":["https:\/\/hotel-bergfreund.ch\/fr\/declaration-de-confidentialite\/"]}]},{"@type":"BreadcrumbList","@id":"https:\/\/hotel-bergfreund.ch\/fr\/declaration-de-confidentialite\/#breadcrumb","itemListElement":[{"@type":"ListItem","position":1,"name":"Startseite","item":"https:\/\/hotel-bergfreund.ch\/fr\/hotel-bergfreund-herbriggen\/"},{"@type":"ListItem","position":2,"name":"D\u00e9claration de confidentialit\u00e9"}]},{"@type":"WebSite","@id":"https:\/\/hotel-bergfreund.ch\/fr\/#website","url":"https:\/\/hotel-bergfreund.ch\/fr\/","name":"Hotel Restaurant Mattmarkblick in Saas-Almagell Saastal","description":"Einmalig freundlich und famili\u00e4r","publisher":{"@id":"https:\/\/hotel-bergfreund.ch\/fr\/#organization"},"potentialAction":[{"@type":"SearchAction","target":{"@type":"EntryPoint","urlTemplate":"https:\/\/hotel-bergfreund.ch\/fr\/?s={search_term_string}"},"query-input":{"@type":"PropertyValueSpecification","valueRequired":true,"valueName":"search_term_string"}}],"inLanguage":"fr-FR"},{"@type":"Organization","@id":"https:\/\/hotel-bergfreund.ch\/fr\/#organization","name":"Hotel Bergfreund","url":"https:\/\/hotel-bergfreund.ch\/fr\/","logo":{"@type":"ImageObject","inLanguage":"fr-FR","@id":"https:\/\/hotel-bergfreund.ch\/fr\/#\/schema\/logo\/image\/","url":"https:\/\/hotel-bergfreund.ch\/wp-content\/uploads\/schlosshotel-leuk.svg","contentUrl":"https:\/\/hotel-bergfreund.ch\/wp-content\/uploads\/schlosshotel-leuk.svg","width":210,"height":52,"caption":"Hotel Bergfreund"},"image":{"@id":"https:\/\/hotel-bergfreund.ch\/fr\/#\/schema\/logo\/image\/"}}]}},"publishpress_future_action":{"enabled":false,"date":"2026-04-29 10:22:53","action":"change-status","newStatus":"draft","terms":[],"taxonomy":"translation_priority","extraData":[]},"publishpress_future_workflow_manual_trigger":{"enabledWorkflows":[]},"_links":{"self":[{"href":"https:\/\/hotel-bergfreund.ch\/fr\/wp-json\/wp\/v2\/pages\/4231","targetHints":{"allow":["GET"]}}],"collection":[{"href":"https:\/\/hotel-bergfreund.ch\/fr\/wp-json\/wp\/v2\/pages"}],"about":[{"href":"https:\/\/hotel-bergfreund.ch\/fr\/wp-json\/wp\/v2\/types\/page"}],"author":[{"embeddable":true,"href":"https:\/\/hotel-bergfreund.ch\/fr\/wp-json\/wp\/v2\/users\/4"}],"replies":[{"embeddable":true,"href":"https:\/\/hotel-bergfreund.ch\/fr\/wp-json\/wp\/v2\/comments?post=4231"}],"version-history":[{"count":3,"href":"https:\/\/hotel-bergfreund.ch\/fr\/wp-json\/wp\/v2\/pages\/4231\/revisions"}],"predecessor-version":[{"id":4233,"href":"https:\/\/hotel-bergfreund.ch\/fr\/wp-json\/wp\/v2\/pages\/4231\/revisions\/4233"}],"wp:attachment":[{"href":"https:\/\/hotel-bergfreund.ch\/fr\/wp-json\/wp\/v2\/media?parent=4231"}],"curies":[{"name":"wp","href":"https:\/\/api.w.org\/{rel}","templated":true}]}}